{"id":9124,"date":"2022-02-28T19:51:14","date_gmt":"2022-02-28T17:51:14","guid":{"rendered":"https:\/\/maloniossmulkmenos.lt\/?page_id=9124"},"modified":"2022-02-28T20:58:58","modified_gmt":"2022-02-28T18:58:58","slug":"papuosalu-taisymas","status":"publish","type":"page","link":"https:\/\/maloniossmulkmenos.lt\/en\/papuosalu-taisymas\/","title":{"rendered":"Jewellery repair"},"content":{"rendered":"<div data-elementor-type=\"wp-page\" data-elementor-id=\"9124\" class=\"elementor elementor-9124\" data-elementor-post-type=\"page\">\n\t\t\t\t\t\t<section class=\"wd-negative-gap elementor-section elementor-top-section elementor-element elementor-element-f3b5539 elementor-section-boxed elementor-section-height-default elementor-section-height-default\" data-id=\"f3b5539\" data-element_type=\"section\" data-e-type=\"section\">\n\t\t\t\t\t\t<div class=\"elementor-container elementor-column-gap-default\">\n\t\t\t\t\t<div class=\"elementor-column elementor-col-100 elementor-top-column elementor-element elementor-element-47236f1\" data-id=\"47236f1\" data-element_type=\"column\" data-e-type=\"column\">\n\t\t\t<div class=\"elementor-widget-wrap elementor-element-populated\">\n\t\t\t\t\t\t<section class=\"wd-negative-gap elementor-section elementor-inner-section elementor-element elementor-element-8b82607 elementor-section-content-middle elementor-section-boxed elementor-section-height-default elementor-section-height-default\" data-id=\"8b82607\" data-element_type=\"section\" data-e-type=\"section\">\n\t\t\t\t\t\t<div class=\"elementor-container elementor-column-gap-default\">\n\t\t\t\t\t<div class=\"elementor-column elementor-col-50 elementor-inner-column elementor-element elementor-element-c778461\" data-id=\"c778461\" data-element_type=\"column\" data-e-type=\"column\">\n\t\t\t<div class=\"elementor-widget-wrap elementor-element-populated\">\n\t\t\t\t\t\t<div class=\"elementor-element elementor-element-aa583d0 elementor-widget elementor-widget-heading\" data-id=\"aa583d0\" data-element_type=\"widget\" data-e-type=\"widget\" data-widget_type=\"heading.default\">\n\t\t\t\t<div class=\"elementor-widget-container\">\n\t\t\t\t\t<h1 class=\"elementor-heading-title elementor-size-default\">Jewellery repair<\/h1>\t\t\t\t<\/div>\n\t\t\t\t<\/div>\n\t\t\t\t<div class=\"elementor-element elementor-element-2424f8f color-scheme-inherit text-left elementor-widget elementor-widget-text-editor\" data-id=\"2424f8f\" data-element_type=\"widget\" data-e-type=\"widget\" data-widget_type=\"text-editor.default\">\n\t\t\t\t<div class=\"elementor-widget-container\">\n\t\t\t\t\t\t\t\t\t<p>Broken your favourite necklace or bracelet? No problem! Our specialists are here to help. We specialise in necklace and bracelet restringing, earrings and more.<\/p>\t\t\t\t\t\t\t\t<\/div>\n\t\t\t\t<\/div>\n\t\t\t\t<div class=\"elementor-element elementor-element-fc24e47 color-scheme-inherit text-left elementor-widget elementor-widget-text-editor\" data-id=\"fc24e47\" data-element_type=\"widget\" data-e-type=\"widget\" data-widget_type=\"text-editor.default\">\n\t\t\t\t<div class=\"elementor-widget-container\">\n\t\t\t\t\t\t\t\t\t<p>As each piece of jewellery is individual, please come to our physical shop in Vilnius (pylimo g. 36\/2) for an inspection. If you are unable to come, please contact us on <a href=\"https:\/\/www.facebook.com\/maloniossmulkmenos.lt\">Facebook<\/a> page.<\/p>\t\t\t\t\t\t\t\t<\/div>\n\t\t\t\t<\/div>\n\t\t\t\t<div class=\"elementor-element elementor-element-1a2566a color-scheme-inherit text-left elementor-widget elementor-widget-text-editor\" data-id=\"1a2566a\" data-element_type=\"widget\" data-e-type=\"widget\" data-widget_type=\"text-editor.default\">\n\t\t\t\t<div class=\"elementor-widget-container\">\n\t\t\t\t\t\t\t\t\t<p>Soldering and jewellery repair are not yet available.<\/p>\t\t\t\t\t\t\t\t<\/div>\n\t\t\t\t<\/div>\n\t\t\t\t<div class=\"elementor-element elementor-element-d2ec5cf elementor-widget elementor-widget-wd_button\" data-id=\"d2ec5cf\" data-element_type=\"widget\" data-e-type=\"widget\" data-widget_type=\"wd_button.default\">\n\t\t\t\t<div class=\"elementor-widget-container\">\n\t\t\t\t\t\t\t<div class=\"wd-button-wrapper text-left\" >\n\t\t\t<a class=\"btn btn-style-default btn-shape-rectangle btn-size-default btn-color-primary btn-icon-pos-right\"  href=\"https:\/\/maloniossmulkmenos.lt\/en\/kontaktai\/\">\n\t\t\t\t<span class=\"wd-btn-text\" data-elementor-setting-key=\"text\">\n\t\t\t\t\tContacts\t\t\t\t<\/span>\n\n\t\t\t\t\t\t\t<\/a>\n\t\t<\/div>\n\t\t\t\t\t\t<\/div>\n\t\t\t\t<\/div>\n\t\t\t\t\t<\/div>\n\t\t<\/div>\n\t\t\t\t<div class=\"elementor-column elementor-col-50 elementor-inner-column elementor-element elementor-element-4163a81\" data-id=\"4163a81\" data-element_type=\"column\" data-e-type=\"column\">\n\t\t\t<div class=\"elementor-widget-wrap elementor-element-populated\">\n\t\t\t\t\t\t<div class=\"elementor-element elementor-element-255f526 elementor-widget elementor-widget-image\" data-id=\"255f526\" data-element_type=\"widget\" data-e-type=\"widget\" data-widget_type=\"image.default\">\n\t\t\t\t<div class=\"elementor-widget-container\">\n\t\t\t\t\t\t\t\t\t\t\t\t\t\t\t<img fetchpriority=\"high\" decoding=\"async\" width=\"800\" height=\"800\" src=\"https:\/\/maloniossmulkmenos.lt\/wp-content\/uploads\/2022\/02\/Verinys-800x800.png\" class=\"attachment-large size-large wp-image-9130\" alt=\"\" srcset=\"https:\/\/maloniossmulkmenos.lt\/wp-content\/uploads\/2022\/02\/Verinys-800x800.png 800w, https:\/\/maloniossmulkmenos.lt\/wp-content\/uploads\/2022\/02\/Verinys-300x300.png 300w, https:\/\/maloniossmulkmenos.lt\/wp-content\/uploads\/2022\/02\/Verinys-150x150.png 150w, https:\/\/maloniossmulkmenos.lt\/wp-content\/uploads\/2022\/02\/Verinys-768x768.png 768w, https:\/\/maloniossmulkmenos.lt\/wp-content\/uploads\/2022\/02\/Verinys-12x12.png 12w, https:\/\/maloniossmulkmenos.lt\/wp-content\/uploads\/2022\/02\/Verinys-860x860.png 860w, https:\/\/maloniossmulkmenos.lt\/wp-content\/uploads\/2022\/02\/Verinys-430x430.png 430w, https:\/\/maloniossmulkmenos.lt\/wp-content\/uploads\/2022\/02\/Verinys-700x700.png 700w, https:\/\/maloniossmulkmenos.lt\/wp-content\/uploads\/2022\/02\/Verinys.png 1000w\" sizes=\"(max-width: 800px) 100vw, 800px\" \/>\t\t\t\t\t\t\t\t\t\t\t\t\t\t\t<\/div>\n\t\t\t\t<\/div>\n\t\t\t\t\t<\/div>\n\t\t<\/div>\n\t\t\t\t\t<\/div>\n\t\t<\/section>\n\t\t\t\t\t<\/div>\n\t\t<\/div>\n\t\t\t\t\t<\/div>\n\t\t<\/section>\n\t\t\t\t<\/div>","protected":false},"excerpt":{"rendered":"<p>Papuo\u0161al\u0173 taisymas Sutr\u016bko J\u016bs\u0173 mylimiausias v\u0117rinys ar apyrank\u0117? Ne b\u0117da! M\u016bs\u0173 specialistai atskuba \u012f pagalb\u0105. Specializuojam\u0117s v\u0117rini\u0173 ir apyranki\u0173 perv\u0117rime,<\/p>","protected":false},"author":1,"featured_media":0,"parent":0,"menu_order":0,"comment_status":"closed","ping_status":"closed","template":"","meta":{"om_disable_all_campaigns":false,"_monsterinsights_skip_tracking":false,"_monsterinsights_sitenote_active":false,"_monsterinsights_sitenote_note":"","_monsterinsights_sitenote_category":0,"footnotes":""},"class_list":["post-9124","page","type-page","status-publish","hentry"],"_links":{"self":[{"href":"https:\/\/maloniossmulkmenos.lt\/en\/wp-json\/wp\/v2\/pages\/9124","targetHints":{"allow":["GET"]}}],"collection":[{"href":"https:\/\/maloniossmulkmenos.lt\/en\/wp-json\/wp\/v2\/pages"}],"about":[{"href":"https:\/\/maloniossmulkmenos.lt\/en\/wp-json\/wp\/v2\/types\/page"}],"author":[{"embeddable":true,"href":"https:\/\/maloniossmulkmenos.lt\/en\/wp-json\/wp\/v2\/users\/1"}],"replies":[{"embeddable":true,"href":"https:\/\/maloniossmulkmenos.lt\/en\/wp-json\/wp\/v2\/comments?post=9124"}],"version-history":[{"count":13,"href":"https:\/\/maloniossmulkmenos.lt\/en\/wp-json\/wp\/v2\/pages\/9124\/revisions"}],"predecessor-version":[{"id":9140,"href":"https:\/\/maloniossmulkmenos.lt\/en\/wp-json\/wp\/v2\/pages\/9124\/revisions\/9140"}],"wp:attachment":[{"href":"https:\/\/maloniossmulkmenos.lt\/en\/wp-json\/wp\/v2\/media?parent=9124"}],"curies":[{"name":"wp","href":"https:\/\/api.w.org\/{rel}","templated":true}]}}