{"id":10238,"date":"2022-11-02T18:13:32","date_gmt":"2022-11-02T16:13:32","guid":{"rendered":"https:\/\/maloniossmulkmenos.lt\/?post_type=product&#038;p=10238"},"modified":"2025-03-18T17:28:53","modified_gmt":"2025-03-18T15:28:53","slug":"311-19001-9-0-43020","status":"publish","type":"product","link":"https:\/\/maloniossmulkmenos.lt\/en\/product\/311-19001-9-0-43020\/","title":{"rendered":"311-19001-9\/0-43020"},"content":{"rendered":"<ul>\n<li>50gr (+\/- 1 gr)<\/li>\n<li>~ \u00d8 2.6 mm (lestinas nuokrypis 2.4 &#8211; 2.8 mm)<\/li>\n<li>skyl\u0117 \u00d8 0.8 &#8211; 0.9 mm<\/li>\n<li>~3400 vnt<\/li>\n<li>I r\u016b\u0161is<\/li>\n<li>opaque grey<\/li>\n<\/ul>","protected":false},"excerpt":{"rendered":"<p>50gr (+\/- 1 gr) ~ \u00d8 2.6 mm (lestinas nuokrypis 2.4 &#8211; 2.8 mm) skyl\u0117 \u00d8 0.8 &#8211; 0.9 mm<\/p>","protected":false},"featured_media":10064,"template":"","meta":{"om_disable_all_campaigns":false,"_monsterinsights_skip_tracking":false,"_monsterinsights_sitenote_active":false,"_monsterinsights_sitenote_note":"","_monsterinsights_sitenote_category":0},"product_brand":[],"product_cat":[358],"product_tag":[351,365],"class_list":{"0":"post-10238","1":"product","2":"type-product","3":"status-publish","4":"has-post-thumbnail","6":"product_cat-9-0","7":"product_tag-preciosa","8":"product_tag-rocailles","9":"pa_brand-preciosa","11":"first","12":"instock","13":"shipping-taxable","14":"purchasable","15":"product-type-simple"},"_links":{"self":[{"href":"https:\/\/maloniossmulkmenos.lt\/en\/wp-json\/wp\/v2\/product\/10238","targetHints":{"allow":["GET"]}}],"collection":[{"href":"https:\/\/maloniossmulkmenos.lt\/en\/wp-json\/wp\/v2\/product"}],"about":[{"href":"https:\/\/maloniossmulkmenos.lt\/en\/wp-json\/wp\/v2\/types\/product"}],"version-history":[{"count":1,"href":"https:\/\/maloniossmulkmenos.lt\/en\/wp-json\/wp\/v2\/product\/10238\/revisions"}],"predecessor-version":[{"id":10239,"href":"https:\/\/maloniossmulkmenos.lt\/en\/wp-json\/wp\/v2\/product\/10238\/revisions\/10239"}],"wp:featuredmedia":[{"embeddable":true,"href":"https:\/\/maloniossmulkmenos.lt\/en\/wp-json\/wp\/v2\/media\/10064"}],"wp:attachment":[{"href":"https:\/\/maloniossmulkmenos.lt\/en\/wp-json\/wp\/v2\/media?parent=10238"}],"wp:term":[{"taxonomy":"product_brand","embeddable":true,"href":"https:\/\/maloniossmulkmenos.lt\/en\/wp-json\/wp\/v2\/product_brand?post=10238"},{"taxonomy":"product_cat","embeddable":true,"href":"https:\/\/maloniossmulkmenos.lt\/en\/wp-json\/wp\/v2\/product_cat?post=10238"},{"taxonomy":"product_tag","embeddable":true,"href":"https:\/\/maloniossmulkmenos.lt\/en\/wp-json\/wp\/v2\/product_tag?post=10238"}],"curies":[{"name":"wp","href":"https:\/\/api.w.org\/{rel}","templated":true}]}}