{"id":10368,"date":"2022-11-03T12:09:37","date_gmt":"2022-11-03T10:09:37","guid":{"rendered":"https:\/\/maloniossmulkmenos.lt\/?post_type=product&#038;p=10368"},"modified":"2023-11-17T10:35:19","modified_gmt":"2023-11-17T08:35:19","slug":"331-19001-9-0-16158","status":"publish","type":"product","link":"https:\/\/maloniossmulkmenos.lt\/en\/product\/331-19001-9-0-16158\/","title":{"rendered":"331-19001-9\/0-16158"},"content":{"rendered":"<ul>\n<li>50gr (+\/- 1 gr)<\/li>\n<li>~ \u00d8 2.6 mm (lestinas nuokrypis 2.4 &#8211; 2.8 mm)<\/li>\n<li>skyl\u0117 \u00d8 0.8 &#8211; 0.9 mm<\/li>\n<li>~3400 vnt<\/li>\n<li>I r\u016b\u0161is<\/li>\n<li>green dyed chalkwhite, sfinx<\/li>\n<\/ul>","protected":false},"excerpt":{"rendered":"<p>50gr (+\/- 1 gr) ~ \u00d8 2.6 mm (lestinas nuokrypis 2.4 &#8211; 2.8 mm) skyl\u0117 \u00d8 0.8 &#8211; 0.9 mm<\/p>","protected":false},"featured_media":9881,"template":"","meta":{"om_disable_all_campaigns":false,"_monsterinsights_skip_tracking":false,"_monsterinsights_sitenote_active":false,"_monsterinsights_sitenote_note":"","_monsterinsights_sitenote_category":0},"product_brand":[],"product_cat":[358],"product_tag":[351,365],"class_list":{"0":"post-10368","1":"product","2":"type-product","3":"status-publish","4":"has-post-thumbnail","6":"product_cat-9-0","7":"product_tag-preciosa","8":"product_tag-rocailles","9":"pa_brand-preciosa","11":"first","12":"instock","13":"shipping-taxable","14":"purchasable","15":"product-type-simple"},"_links":{"self":[{"href":"https:\/\/maloniossmulkmenos.lt\/en\/wp-json\/wp\/v2\/product\/10368","targetHints":{"allow":["GET"]}}],"collection":[{"href":"https:\/\/maloniossmulkmenos.lt\/en\/wp-json\/wp\/v2\/product"}],"about":[{"href":"https:\/\/maloniossmulkmenos.lt\/en\/wp-json\/wp\/v2\/types\/product"}],"version-history":[{"count":1,"href":"https:\/\/maloniossmulkmenos.lt\/en\/wp-json\/wp\/v2\/product\/10368\/revisions"}],"predecessor-version":[{"id":10369,"href":"https:\/\/maloniossmulkmenos.lt\/en\/wp-json\/wp\/v2\/product\/10368\/revisions\/10369"}],"wp:featuredmedia":[{"embeddable":true,"href":"https:\/\/maloniossmulkmenos.lt\/en\/wp-json\/wp\/v2\/media\/9881"}],"wp:attachment":[{"href":"https:\/\/maloniossmulkmenos.lt\/en\/wp-json\/wp\/v2\/media?parent=10368"}],"wp:term":[{"taxonomy":"product_brand","embeddable":true,"href":"https:\/\/maloniossmulkmenos.lt\/en\/wp-json\/wp\/v2\/product_brand?post=10368"},{"taxonomy":"product_cat","embeddable":true,"href":"https:\/\/maloniossmulkmenos.lt\/en\/wp-json\/wp\/v2\/product_cat?post=10368"},{"taxonomy":"product_tag","embeddable":true,"href":"https:\/\/maloniossmulkmenos.lt\/en\/wp-json\/wp\/v2\/product_tag?post=10368"}],"curies":[{"name":"wp","href":"https:\/\/api.w.org\/{rel}","templated":true}]}}