{"id":10560,"date":"2022-11-03T21:48:23","date_gmt":"2022-11-03T19:48:23","guid":{"rendered":"https:\/\/maloniossmulkmenos.lt\/?post_type=product&#038;p=10560"},"modified":"2022-11-03T21:50:15","modified_gmt":"2022-11-03T19:50:15","slug":"331-19001-13-0-46113","status":"publish","type":"product","link":"https:\/\/maloniossmulkmenos.lt\/en\/product\/331-19001-13-0-46113\/","title":{"rendered":"331-19001-13\/0-46113"},"content":{"rendered":"<ul>\n<li>50gr (+\/- 1 gr)<\/li>\n<li>~ \u00d8 1.7 mm (lestinas nuokrypis 1.6 &#8211; 1.8 mm)<\/li>\n<li>skyl\u0117 \u00d8 0.4 &#8211; 0.5 mm<\/li>\n<li>~14550 vnt<\/li>\n<li>I r\u016b\u0161is<\/li>\n<li>shell<\/li>\n<\/ul>","protected":false},"excerpt":{"rendered":"<p>50gr (+\/- 1 gr) ~ \u00d8 1.7 mm (lestinas nuokrypis 1.6 &#8211; 1.8 mm) skyl\u0117 \u00d8 0.4 &#8211; 0.5 mm<\/p>","protected":false},"featured_media":10075,"template":"","meta":{"om_disable_all_campaigns":false,"_monsterinsights_skip_tracking":false,"_monsterinsights_sitenote_active":false,"_monsterinsights_sitenote_note":"","_monsterinsights_sitenote_category":0},"product_brand":[],"product_cat":[362],"product_tag":[351,365],"class_list":{"0":"post-10560","1":"product","2":"type-product","3":"status-publish","4":"has-post-thumbnail","6":"product_cat-13-0","7":"product_tag-preciosa","8":"product_tag-rocailles","9":"pa_brand-preciosa","11":"first","12":"instock","13":"shipping-taxable","14":"purchasable","15":"product-type-simple"},"_links":{"self":[{"href":"https:\/\/maloniossmulkmenos.lt\/en\/wp-json\/wp\/v2\/product\/10560","targetHints":{"allow":["GET"]}}],"collection":[{"href":"https:\/\/maloniossmulkmenos.lt\/en\/wp-json\/wp\/v2\/product"}],"about":[{"href":"https:\/\/maloniossmulkmenos.lt\/en\/wp-json\/wp\/v2\/types\/product"}],"version-history":[{"count":1,"href":"https:\/\/maloniossmulkmenos.lt\/en\/wp-json\/wp\/v2\/product\/10560\/revisions"}],"predecessor-version":[{"id":10561,"href":"https:\/\/maloniossmulkmenos.lt\/en\/wp-json\/wp\/v2\/product\/10560\/revisions\/10561"}],"wp:featuredmedia":[{"embeddable":true,"href":"https:\/\/maloniossmulkmenos.lt\/en\/wp-json\/wp\/v2\/media\/10075"}],"wp:attachment":[{"href":"https:\/\/maloniossmulkmenos.lt\/en\/wp-json\/wp\/v2\/media?parent=10560"}],"wp:term":[{"taxonomy":"product_brand","embeddable":true,"href":"https:\/\/maloniossmulkmenos.lt\/en\/wp-json\/wp\/v2\/product_brand?post=10560"},{"taxonomy":"product_cat","embeddable":true,"href":"https:\/\/maloniossmulkmenos.lt\/en\/wp-json\/wp\/v2\/product_cat?post=10560"},{"taxonomy":"product_tag","embeddable":true,"href":"https:\/\/maloniossmulkmenos.lt\/en\/wp-json\/wp\/v2\/product_tag?post=10560"}],"curies":[{"name":"wp","href":"https:\/\/api.w.org\/{rel}","templated":true}]}}