{"id":10582,"date":"2022-11-04T10:45:12","date_gmt":"2022-11-04T08:45:12","guid":{"rendered":"https:\/\/maloniossmulkmenos.lt\/?post_type=product&#038;p=10582"},"modified":"2022-11-04T18:24:42","modified_gmt":"2022-11-04T16:24:42","slug":"311-19001-14-0-13600","status":"publish","type":"product","link":"https:\/\/maloniossmulkmenos.lt\/en\/product\/311-19001-14-0-13600\/","title":{"rendered":"311-19001-14\/0-13600"},"content":{"rendered":"<ul>\n<li>50gr (+\/- 1 gr)<\/li>\n<li>~ \u00d8 1.6 mm (lestinas nuokrypis 1.5 &#8211; 1.6 mm)<\/li>\n<li>skyl\u0117 \u00d8 ~0.4mm<\/li>\n<li>~16250 vnt<\/li>\n<li>I r\u016b\u0161is<\/li>\n<li>opaque brown &#8222;tango&#8221;<\/li>\n<\/ul>","protected":false},"excerpt":{"rendered":"<p>50gr (+\/- 1 gr) ~ \u00d8 1.6 mm (lestinas nuokrypis 1.5 &#8211; 1.6 mm) skyl\u0117 \u00d8 ~0.4mm ~16250 vnt I<\/p>","protected":false},"featured_media":10584,"template":"","meta":{"om_disable_all_campaigns":false,"_monsterinsights_skip_tracking":false,"_monsterinsights_sitenote_active":false,"_monsterinsights_sitenote_note":"","_monsterinsights_sitenote_category":0},"product_brand":[],"product_cat":[363],"product_tag":[351,365],"class_list":{"0":"post-10582","1":"product","2":"type-product","3":"status-publish","4":"has-post-thumbnail","6":"product_cat-14-0","7":"product_tag-preciosa","8":"product_tag-rocailles","9":"pa_brand-preciosa","11":"first","12":"instock","13":"shipping-taxable","14":"purchasable","15":"product-type-simple"},"_links":{"self":[{"href":"https:\/\/maloniossmulkmenos.lt\/en\/wp-json\/wp\/v2\/product\/10582","targetHints":{"allow":["GET"]}}],"collection":[{"href":"https:\/\/maloniossmulkmenos.lt\/en\/wp-json\/wp\/v2\/product"}],"about":[{"href":"https:\/\/maloniossmulkmenos.lt\/en\/wp-json\/wp\/v2\/types\/product"}],"version-history":[{"count":1,"href":"https:\/\/maloniossmulkmenos.lt\/en\/wp-json\/wp\/v2\/product\/10582\/revisions"}],"predecessor-version":[{"id":10585,"href":"https:\/\/maloniossmulkmenos.lt\/en\/wp-json\/wp\/v2\/product\/10582\/revisions\/10585"}],"wp:featuredmedia":[{"embeddable":true,"href":"https:\/\/maloniossmulkmenos.lt\/en\/wp-json\/wp\/v2\/media\/10584"}],"wp:attachment":[{"href":"https:\/\/maloniossmulkmenos.lt\/en\/wp-json\/wp\/v2\/media?parent=10582"}],"wp:term":[{"taxonomy":"product_brand","embeddable":true,"href":"https:\/\/maloniossmulkmenos.lt\/en\/wp-json\/wp\/v2\/product_brand?post=10582"},{"taxonomy":"product_cat","embeddable":true,"href":"https:\/\/maloniossmulkmenos.lt\/en\/wp-json\/wp\/v2\/product_cat?post=10582"},{"taxonomy":"product_tag","embeddable":true,"href":"https:\/\/maloniossmulkmenos.lt\/en\/wp-json\/wp\/v2\/product_tag?post=10582"}],"curies":[{"name":"wp","href":"https:\/\/api.w.org\/{rel}","templated":true}]}}