{"id":10723,"date":"2022-11-14T10:04:58","date_gmt":"2022-11-14T08:04:58","guid":{"rendered":"https:\/\/maloniossmulkmenos.lt\/?post_type=product&#038;p=10723"},"modified":"2022-11-14T12:18:33","modified_gmt":"2022-11-14T10:18:33","slug":"rinkinys-atvirukas-kaledine-egle","status":"publish","type":"product","link":"https:\/\/maloniossmulkmenos.lt\/en\/product\/rinkinys-atvirukas-kaledine-egle\/","title":{"rendered":"Rinkinys atvirukas &#8222;Kal\u0117din\u0117 egl\u0117&#8221;"},"content":{"rendered":"<p>Rinkin\u012f sudaro:<\/p>\n<p>Atviruko pagrindas (A6 formatas)<\/p>\n<p>Eglut\u0117 1 vnt<\/p>\n<p>\u017dvaig\u017edut\u0117s 10 vnt<\/p>\n<p>Kristaliukai 15 vnt (naudoti tik su t\u0117v\u0173 prie\u017ei\u016bra)<\/p>\n<p>Eglut\u0117s ir \u017evaig\u017edu\u010di\u0173 spalvos gali skirtis nuo pavaizduot\u0173 nuotraukoje.<\/p>","protected":false},"excerpt":{"rendered":"<p>Rinkin\u012f sudaro: Atviruko pagrindas (A6 formatas) Eglut\u0117 1 vnt \u017dvaig\u017edut\u0117s 10 vnt Kristaliukai 15 vnt (naudoti tik su t\u0117v\u0173 prie\u017ei\u016bra)<\/p>","protected":false},"featured_media":10724,"template":"","meta":{"om_disable_all_campaigns":false,"_monsterinsights_skip_tracking":false,"_monsterinsights_sitenote_active":false,"_monsterinsights_sitenote_note":"","_monsterinsights_sitenote_category":0},"product_brand":[],"product_cat":[374],"product_tag":[],"class_list":{"0":"post-10723","1":"product","2":"type-product","3":"status-publish","4":"has-post-thumbnail","6":"product_cat-sventes","8":"first","9":"instock","10":"shipping-taxable","11":"purchasable","12":"product-type-simple"},"_links":{"self":[{"href":"https:\/\/maloniossmulkmenos.lt\/en\/wp-json\/wp\/v2\/product\/10723","targetHints":{"allow":["GET"]}}],"collection":[{"href":"https:\/\/maloniossmulkmenos.lt\/en\/wp-json\/wp\/v2\/product"}],"about":[{"href":"https:\/\/maloniossmulkmenos.lt\/en\/wp-json\/wp\/v2\/types\/product"}],"version-history":[{"count":1,"href":"https:\/\/maloniossmulkmenos.lt\/en\/wp-json\/wp\/v2\/product\/10723\/revisions"}],"predecessor-version":[{"id":10725,"href":"https:\/\/maloniossmulkmenos.lt\/en\/wp-json\/wp\/v2\/product\/10723\/revisions\/10725"}],"wp:featuredmedia":[{"embeddable":true,"href":"https:\/\/maloniossmulkmenos.lt\/en\/wp-json\/wp\/v2\/media\/10724"}],"wp:attachment":[{"href":"https:\/\/maloniossmulkmenos.lt\/en\/wp-json\/wp\/v2\/media?parent=10723"}],"wp:term":[{"taxonomy":"product_brand","embeddable":true,"href":"https:\/\/maloniossmulkmenos.lt\/en\/wp-json\/wp\/v2\/product_brand?post=10723"},{"taxonomy":"product_cat","embeddable":true,"href":"https:\/\/maloniossmulkmenos.lt\/en\/wp-json\/wp\/v2\/product_cat?post=10723"},{"taxonomy":"product_tag","embeddable":true,"href":"https:\/\/maloniossmulkmenos.lt\/en\/wp-json\/wp\/v2\/product_tag?post=10723"}],"curies":[{"name":"wp","href":"https:\/\/api.w.org\/{rel}","templated":true}]}}