{"id":10982,"date":"2022-11-17T12:11:21","date_gmt":"2022-11-17T10:11:21","guid":{"rendered":"https:\/\/maloniossmulkmenos.lt\/?post_type=product&#038;p=10982"},"modified":"2022-11-17T12:31:46","modified_gmt":"2022-11-17T10:31:46","slug":"331-39001-5-0-63020","status":"publish","type":"product","link":"https:\/\/maloniossmulkmenos.lt\/en\/product\/331-39001-5-0-63020\/","title":{"rendered":"331-39001-5\/0-63020"},"content":{"rendered":"<ul>\n<li>50gr (+\/- 1 gr)<\/li>\n<li>~ \u00d8 4.6 mm (lestinas nuokrypis 4.3 &#8211; 4.8 mm)<\/li>\n<li>skyl\u0117 \u00d8 1.1 &#8211; 1.2 mm<\/li>\n<li>~605 vnt<\/li>\n<li>I r\u016b\u0161is<\/li>\n<li>skyl\u0117 apvali<\/li>\n<li>turquoise, matt<\/li>\n<\/ul>","protected":false},"excerpt":{"rendered":"<p>50gr (+\/- 1 gr) ~ \u00d8 4.6 mm (lestinas nuokrypis 4.3 &#8211; 4.8 mm) skyl\u0117 \u00d8 1.1 &#8211; 1.2 mm<\/p>","protected":false},"featured_media":10984,"template":"","meta":{"om_disable_all_campaigns":false,"_monsterinsights_skip_tracking":false,"_monsterinsights_sitenote_active":false,"_monsterinsights_sitenote_note":"","_monsterinsights_sitenote_category":0},"product_brand":[],"product_cat":[355],"product_tag":[351,365],"class_list":{"0":"post-10982","1":"product","2":"type-product","3":"status-publish","4":"has-post-thumbnail","6":"product_cat-dideli-didziai","7":"product_tag-preciosa","8":"product_tag-rocailles","9":"pa_brand-preciosa","11":"first","12":"instock","13":"shipping-taxable","14":"purchasable","15":"product-type-simple"},"_links":{"self":[{"href":"https:\/\/maloniossmulkmenos.lt\/en\/wp-json\/wp\/v2\/product\/10982","targetHints":{"allow":["GET"]}}],"collection":[{"href":"https:\/\/maloniossmulkmenos.lt\/en\/wp-json\/wp\/v2\/product"}],"about":[{"href":"https:\/\/maloniossmulkmenos.lt\/en\/wp-json\/wp\/v2\/types\/product"}],"version-history":[{"count":1,"href":"https:\/\/maloniossmulkmenos.lt\/en\/wp-json\/wp\/v2\/product\/10982\/revisions"}],"predecessor-version":[{"id":10985,"href":"https:\/\/maloniossmulkmenos.lt\/en\/wp-json\/wp\/v2\/product\/10982\/revisions\/10985"}],"wp:featuredmedia":[{"embeddable":true,"href":"https:\/\/maloniossmulkmenos.lt\/en\/wp-json\/wp\/v2\/media\/10984"}],"wp:attachment":[{"href":"https:\/\/maloniossmulkmenos.lt\/en\/wp-json\/wp\/v2\/media?parent=10982"}],"wp:term":[{"taxonomy":"product_brand","embeddable":true,"href":"https:\/\/maloniossmulkmenos.lt\/en\/wp-json\/wp\/v2\/product_brand?post=10982"},{"taxonomy":"product_cat","embeddable":true,"href":"https:\/\/maloniossmulkmenos.lt\/en\/wp-json\/wp\/v2\/product_cat?post=10982"},{"taxonomy":"product_tag","embeddable":true,"href":"https:\/\/maloniossmulkmenos.lt\/en\/wp-json\/wp\/v2\/product_tag?post=10982"}],"curies":[{"name":"wp","href":"https:\/\/api.w.org\/{rel}","templated":true}]}}