{"id":11107,"date":"2022-11-21T13:08:19","date_gmt":"2022-11-21T11:08:19","guid":{"rendered":"https:\/\/maloniossmulkmenos.lt\/?post_type=product&#038;p=11107"},"modified":"2022-11-21T13:19:39","modified_gmt":"2022-11-21T11:19:39","slug":"321-41001-3-5-3-5-59135","status":"publish","type":"product","link":"https:\/\/maloniossmulkmenos.lt\/en\/product\/321-41001-3-5-3-5-59135\/","title":{"rendered":"321-41001-3.5\/3.5-59135"},"content":{"rendered":"<ul>\n<li>50gr (+\/- 1 gr)<\/li>\n<li>Triangles (trikampiai)<\/li>\n<li>3.5 x 3.5 mm<\/li>\n<li>~831 vnt<\/li>\n<li>I r\u016b\u0161is<\/li>\n<li>skyl\u0117 apvali<\/li>\n<li>blue iris<\/li>\n<\/ul>","protected":false},"excerpt":{"rendered":"<p>50gr (+\/- 1 gr) Triangles (trikampiai) 3.5 x 3.5 mm ~831 vnt I r\u016b\u0161is skyl\u0117 apvali blue iris<\/p>","protected":false},"featured_media":11108,"template":"","meta":{"om_disable_all_campaigns":false,"_monsterinsights_skip_tracking":false,"_monsterinsights_sitenote_active":false,"_monsterinsights_sitenote_note":"","_monsterinsights_sitenote_category":0},"product_brand":[],"product_cat":[123],"product_tag":[351,384],"class_list":{"0":"post-11107","1":"product","2":"type-product","3":"status-publish","4":"has-post-thumbnail","6":"product_cat-other-beads","7":"product_tag-preciosa","8":"product_tag-triangles","9":"pa_brand-preciosa","11":"first","12":"instock","13":"shipping-taxable","14":"purchasable","15":"product-type-simple"},"_links":{"self":[{"href":"https:\/\/maloniossmulkmenos.lt\/en\/wp-json\/wp\/v2\/product\/11107","targetHints":{"allow":["GET"]}}],"collection":[{"href":"https:\/\/maloniossmulkmenos.lt\/en\/wp-json\/wp\/v2\/product"}],"about":[{"href":"https:\/\/maloniossmulkmenos.lt\/en\/wp-json\/wp\/v2\/types\/product"}],"version-history":[{"count":1,"href":"https:\/\/maloniossmulkmenos.lt\/en\/wp-json\/wp\/v2\/product\/11107\/revisions"}],"predecessor-version":[{"id":11109,"href":"https:\/\/maloniossmulkmenos.lt\/en\/wp-json\/wp\/v2\/product\/11107\/revisions\/11109"}],"wp:featuredmedia":[{"embeddable":true,"href":"https:\/\/maloniossmulkmenos.lt\/en\/wp-json\/wp\/v2\/media\/11108"}],"wp:attachment":[{"href":"https:\/\/maloniossmulkmenos.lt\/en\/wp-json\/wp\/v2\/media?parent=11107"}],"wp:term":[{"taxonomy":"product_brand","embeddable":true,"href":"https:\/\/maloniossmulkmenos.lt\/en\/wp-json\/wp\/v2\/product_brand?post=11107"},{"taxonomy":"product_cat","embeddable":true,"href":"https:\/\/maloniossmulkmenos.lt\/en\/wp-json\/wp\/v2\/product_cat?post=11107"},{"taxonomy":"product_tag","embeddable":true,"href":"https:\/\/maloniossmulkmenos.lt\/en\/wp-json\/wp\/v2\/product_tag?post=11107"}],"curies":[{"name":"wp","href":"https:\/\/api.w.org\/{rel}","templated":true}]}}