{"id":11161,"date":"2022-11-22T13:10:44","date_gmt":"2022-11-22T11:10:44","guid":{"rendered":"https:\/\/maloniossmulkmenos.lt\/?post_type=product&#038;p=11161"},"modified":"2023-11-17T11:04:20","modified_gmt":"2023-11-17T09:04:20","slug":"321-90001-28936-2-4","status":"publish","type":"product","link":"https:\/\/maloniossmulkmenos.lt\/en\/product\/321-90001-28936-2-4\/","title":{"rendered":"321-90001-28936 2\/4"},"content":{"rendered":"<ul>\n<li>50gr (+\/- 1 gr)<\/li>\n<li>Farfalle<\/li>\n<li>~ 2&#215;4 mm<\/li>\n<li>~1590 vnt<\/li>\n<li>II r\u016b\u0161is<\/li>\n<li>skyl\u0117 apvali<\/li>\n<li>blue pearl dyed black<\/li>\n<\/ul>\n<p>&nbsp;<\/p>","protected":false},"excerpt":{"rendered":"<p>50gr (+\/- 1 gr) Farfalle ~ 2&#215;4 mm ~1590 vnt II r\u016b\u0161is skyl\u0117 apvali blue pearl dyed black &nbsp;<\/p>","protected":false},"featured_media":11149,"template":"","meta":{"om_disable_all_campaigns":false,"_monsterinsights_skip_tracking":false,"_monsterinsights_sitenote_active":false,"_monsterinsights_sitenote_note":"","_monsterinsights_sitenote_category":0},"product_brand":[],"product_cat":[114],"product_tag":[393,351],"class_list":{"0":"post-11161","1":"product","2":"type-product","3":"status-publish","4":"has-post-thumbnail","6":"product_cat-preciosa-farfalle","7":"product_tag-farfalle","8":"product_tag-preciosa","9":"pa_brand-preciosa","11":"first","12":"instock","13":"shipping-taxable","14":"purchasable","15":"product-type-simple"},"_links":{"self":[{"href":"https:\/\/maloniossmulkmenos.lt\/en\/wp-json\/wp\/v2\/product\/11161","targetHints":{"allow":["GET"]}}],"collection":[{"href":"https:\/\/maloniossmulkmenos.lt\/en\/wp-json\/wp\/v2\/product"}],"about":[{"href":"https:\/\/maloniossmulkmenos.lt\/en\/wp-json\/wp\/v2\/types\/product"}],"version-history":[{"count":1,"href":"https:\/\/maloniossmulkmenos.lt\/en\/wp-json\/wp\/v2\/product\/11161\/revisions"}],"predecessor-version":[{"id":11162,"href":"https:\/\/maloniossmulkmenos.lt\/en\/wp-json\/wp\/v2\/product\/11161\/revisions\/11162"}],"wp:featuredmedia":[{"embeddable":true,"href":"https:\/\/maloniossmulkmenos.lt\/en\/wp-json\/wp\/v2\/media\/11149"}],"wp:attachment":[{"href":"https:\/\/maloniossmulkmenos.lt\/en\/wp-json\/wp\/v2\/media?parent=11161"}],"wp:term":[{"taxonomy":"product_brand","embeddable":true,"href":"https:\/\/maloniossmulkmenos.lt\/en\/wp-json\/wp\/v2\/product_brand?post=11161"},{"taxonomy":"product_cat","embeddable":true,"href":"https:\/\/maloniossmulkmenos.lt\/en\/wp-json\/wp\/v2\/product_cat?post=11161"},{"taxonomy":"product_tag","embeddable":true,"href":"https:\/\/maloniossmulkmenos.lt\/en\/wp-json\/wp\/v2\/product_tag?post=11161"}],"curies":[{"name":"wp","href":"https:\/\/api.w.org\/{rel}","templated":true}]}}