{"id":11189,"date":"2022-11-22T13:59:13","date_gmt":"2022-11-22T11:59:13","guid":{"rendered":"https:\/\/maloniossmulkmenos.lt\/?post_type=product&#038;p=11189"},"modified":"2022-11-22T14:01:35","modified_gmt":"2022-11-22T12:01:35","slug":"331-11001-5-0-90702","status":"publish","type":"product","link":"https:\/\/maloniossmulkmenos.lt\/en\/product\/331-11001-5-0-90702\/","title":{"rendered":"331-11001-5\/0-90702"},"content":{"rendered":"<ul>\n<li>50gr (+\/- 1 gr)<\/li>\n<li>Drops (La\u0161o formos karoliukai)<\/li>\n<li>~ \u00d8 4.6 mm<\/li>\n<li>~602 vnt<\/li>\n<li>I r\u016b\u0161is<\/li>\n<li>skyl\u0117 apvali<\/li>\n<li>transp. red, colour lined chalkwhite<\/li>\n<\/ul>\n<p>&nbsp;<\/p>","protected":false},"excerpt":{"rendered":"<p>50gr (+\/- 1 gr) Drops (La\u0161o formos karoliukai) ~ \u00d8 4.6 mm ~602 vnt I r\u016b\u0161is skyl\u0117 apvali transp. red,<\/p>","protected":false},"featured_media":11191,"template":"","meta":{"om_disable_all_campaigns":false,"_monsterinsights_skip_tracking":false,"_monsterinsights_sitenote_active":false,"_monsterinsights_sitenote_note":"","_monsterinsights_sitenote_category":0},"product_brand":[],"product_cat":[112],"product_tag":[394,351],"class_list":{"0":"post-11189","1":"product","2":"type-product","3":"status-publish","4":"has-post-thumbnail","6":"product_cat-preciosa-drops","7":"product_tag-drops","8":"product_tag-preciosa","9":"pa_brand-preciosa","11":"first","12":"instock","13":"shipping-taxable","14":"purchasable","15":"product-type-simple"},"_links":{"self":[{"href":"https:\/\/maloniossmulkmenos.lt\/en\/wp-json\/wp\/v2\/product\/11189","targetHints":{"allow":["GET"]}}],"collection":[{"href":"https:\/\/maloniossmulkmenos.lt\/en\/wp-json\/wp\/v2\/product"}],"about":[{"href":"https:\/\/maloniossmulkmenos.lt\/en\/wp-json\/wp\/v2\/types\/product"}],"version-history":[{"count":1,"href":"https:\/\/maloniossmulkmenos.lt\/en\/wp-json\/wp\/v2\/product\/11189\/revisions"}],"predecessor-version":[{"id":11193,"href":"https:\/\/maloniossmulkmenos.lt\/en\/wp-json\/wp\/v2\/product\/11189\/revisions\/11193"}],"wp:featuredmedia":[{"embeddable":true,"href":"https:\/\/maloniossmulkmenos.lt\/en\/wp-json\/wp\/v2\/media\/11191"}],"wp:attachment":[{"href":"https:\/\/maloniossmulkmenos.lt\/en\/wp-json\/wp\/v2\/media?parent=11189"}],"wp:term":[{"taxonomy":"product_brand","embeddable":true,"href":"https:\/\/maloniossmulkmenos.lt\/en\/wp-json\/wp\/v2\/product_brand?post=11189"},{"taxonomy":"product_cat","embeddable":true,"href":"https:\/\/maloniossmulkmenos.lt\/en\/wp-json\/wp\/v2\/product_cat?post=11189"},{"taxonomy":"product_tag","embeddable":true,"href":"https:\/\/maloniossmulkmenos.lt\/en\/wp-json\/wp\/v2\/product_tag?post=11189"}],"curies":[{"name":"wp","href":"https:\/\/api.w.org\/{rel}","templated":true}]}}