{"id":11356,"date":"2022-11-30T12:18:36","date_gmt":"2022-11-30T10:18:36","guid":{"rendered":"https:\/\/maloniossmulkmenos.lt\/?post_type=product&#038;p=11356"},"modified":"2025-12-16T15:37:31","modified_gmt":"2025-12-16T13:37:31","slug":"dovanu-dezute-pakabukui-auskarams-ida-juodos-spalvos","status":"publish","type":"product","link":"https:\/\/maloniossmulkmenos.lt\/en\/product\/dovanu-dezute-pakabukui-auskarams-ida-juodos-spalvos\/","title":{"rendered":"Dovan\u0173 d\u0117\u017eut\u0117 pakabukui\/auskarams IDA (juodos spalvos)"},"content":{"rendered":"<p>Dydis (mm): 68 x 80 x30<\/p>\n<p>Vidaus i\u0161matavimai (mm): 65 x 72 x 12<\/p>","protected":false},"excerpt":{"rendered":"<p>Dydis (mm): 68 x 80 x30 Vidaus i\u0161matavimai (mm): 65 x 72 x 12<\/p>","protected":false},"featured_media":11333,"template":"","meta":{"om_disable_all_campaigns":false,"_monsterinsights_skip_tracking":false,"_monsterinsights_sitenote_active":false,"_monsterinsights_sitenote_note":"","_monsterinsights_sitenote_category":0},"product_brand":[],"product_cat":[130,302],"product_tag":[],"class_list":{"0":"post-11356","1":"product","2":"type-product","3":"status-publish","4":"has-post-thumbnail","6":"product_cat-dezutes","7":"product_cat-odos-imitacijos-dezutes","9":"first","10":"instock","11":"shipping-taxable","12":"purchasable","13":"product-type-simple"},"_links":{"self":[{"href":"https:\/\/maloniossmulkmenos.lt\/en\/wp-json\/wp\/v2\/product\/11356","targetHints":{"allow":["GET"]}}],"collection":[{"href":"https:\/\/maloniossmulkmenos.lt\/en\/wp-json\/wp\/v2\/product"}],"about":[{"href":"https:\/\/maloniossmulkmenos.lt\/en\/wp-json\/wp\/v2\/types\/product"}],"version-history":[{"count":1,"href":"https:\/\/maloniossmulkmenos.lt\/en\/wp-json\/wp\/v2\/product\/11356\/revisions"}],"predecessor-version":[{"id":11357,"href":"https:\/\/maloniossmulkmenos.lt\/en\/wp-json\/wp\/v2\/product\/11356\/revisions\/11357"}],"wp:featuredmedia":[{"embeddable":true,"href":"https:\/\/maloniossmulkmenos.lt\/en\/wp-json\/wp\/v2\/media\/11333"}],"wp:attachment":[{"href":"https:\/\/maloniossmulkmenos.lt\/en\/wp-json\/wp\/v2\/media?parent=11356"}],"wp:term":[{"taxonomy":"product_brand","embeddable":true,"href":"https:\/\/maloniossmulkmenos.lt\/en\/wp-json\/wp\/v2\/product_brand?post=11356"},{"taxonomy":"product_cat","embeddable":true,"href":"https:\/\/maloniossmulkmenos.lt\/en\/wp-json\/wp\/v2\/product_cat?post=11356"},{"taxonomy":"product_tag","embeddable":true,"href":"https:\/\/maloniossmulkmenos.lt\/en\/wp-json\/wp\/v2\/product_tag?post=11356"}],"curies":[{"name":"wp","href":"https:\/\/api.w.org\/{rel}","templated":true}]}}