{"id":11373,"date":"2022-12-01T17:08:52","date_gmt":"2022-12-01T15:08:52","guid":{"rendered":"https:\/\/maloniossmulkmenos.lt\/?post_type=product&#038;p=11373"},"modified":"2025-05-08T14:26:32","modified_gmt":"2025-05-08T12:26:32","slug":"dovanu-dezute-dviem-ziedams-ida-dramblio-kaulo-spalvos","status":"publish","type":"product","link":"https:\/\/maloniossmulkmenos.lt\/en\/product\/dovanu-dezute-dviem-ziedams-ida-dramblio-kaulo-spalvos\/","title":{"rendered":"Dovan\u0173 d\u0117\u017eut\u0117 dviem \u017eiedams IDA (dramblio kaulo spalvos)"},"content":{"rendered":"<p>Dydis (mm): 73 x 50 x 40<\/p>\n<p>Vidaus i\u0161matavimai (mm): 70 x 40 x 25<\/p>","protected":false},"excerpt":{"rendered":"<p>Dydis (mm): 73 x 50 x 40 Vidaus i\u0161matavimai (mm): 70 x 40 x 25<\/p>","protected":false},"featured_media":11347,"template":"","meta":{"om_disable_all_campaigns":false,"_monsterinsights_skip_tracking":false,"_monsterinsights_sitenote_active":false,"_monsterinsights_sitenote_note":"","_monsterinsights_sitenote_category":0},"product_brand":[],"product_cat":[130,302],"product_tag":[],"class_list":{"0":"post-11373","1":"product","2":"type-product","3":"status-publish","4":"has-post-thumbnail","6":"product_cat-dezutes","7":"product_cat-odos-imitacijos-dezutes","9":"first","10":"instock","11":"shipping-taxable","12":"purchasable","13":"product-type-simple"},"_links":{"self":[{"href":"https:\/\/maloniossmulkmenos.lt\/en\/wp-json\/wp\/v2\/product\/11373","targetHints":{"allow":["GET"]}}],"collection":[{"href":"https:\/\/maloniossmulkmenos.lt\/en\/wp-json\/wp\/v2\/product"}],"about":[{"href":"https:\/\/maloniossmulkmenos.lt\/en\/wp-json\/wp\/v2\/types\/product"}],"version-history":[{"count":2,"href":"https:\/\/maloniossmulkmenos.lt\/en\/wp-json\/wp\/v2\/product\/11373\/revisions"}],"predecessor-version":[{"id":13078,"href":"https:\/\/maloniossmulkmenos.lt\/en\/wp-json\/wp\/v2\/product\/11373\/revisions\/13078"}],"wp:featuredmedia":[{"embeddable":true,"href":"https:\/\/maloniossmulkmenos.lt\/en\/wp-json\/wp\/v2\/media\/11347"}],"wp:attachment":[{"href":"https:\/\/maloniossmulkmenos.lt\/en\/wp-json\/wp\/v2\/media?parent=11373"}],"wp:term":[{"taxonomy":"product_brand","embeddable":true,"href":"https:\/\/maloniossmulkmenos.lt\/en\/wp-json\/wp\/v2\/product_brand?post=11373"},{"taxonomy":"product_cat","embeddable":true,"href":"https:\/\/maloniossmulkmenos.lt\/en\/wp-json\/wp\/v2\/product_cat?post=11373"},{"taxonomy":"product_tag","embeddable":true,"href":"https:\/\/maloniossmulkmenos.lt\/en\/wp-json\/wp\/v2\/product_tag?post=11373"}],"curies":[{"name":"wp","href":"https:\/\/api.w.org\/{rel}","templated":true}]}}