{"id":11458,"date":"2023-02-03T14:47:30","date_gmt":"2023-02-03T12:47:30","guid":{"rendered":"https:\/\/maloniossmulkmenos.lt\/?post_type=product&#038;p=11458"},"modified":"2023-08-03T12:35:20","modified_gmt":"2023-08-03T10:35:20","slug":"staklytes","status":"publish","type":"product","link":"https:\/\/maloniossmulkmenos.lt\/en\/product\/staklytes\/","title":{"rendered":"Staklyt\u0117s"},"content":{"rendered":"<ul>\n<li>Medin\u0117s<\/li>\n<li data-v-85ee520c=\"\">34 x 11.5 x 6 cm<\/li>\n<li>Tinka apyranki\u0173 pinimui<\/li>\n<li>Rinkinyje tik staklyt\u0117s, be karoliuk\u0173<\/li>\n<\/ul>","protected":false},"excerpt":{"rendered":"<p>Medin\u0117s 34 x 11.5 x 6 cm Tinka apyranki\u0173 pinimui Rinkinyje tik staklyt\u0117s, be karoliuk\u0173<\/p>","protected":false},"featured_media":11460,"template":"","meta":{"om_disable_all_campaigns":false,"_monsterinsights_skip_tracking":false,"_monsterinsights_sitenote_active":false,"_monsterinsights_sitenote_note":"","_monsterinsights_sitenote_category":0},"product_brand":[],"product_cat":[20,78],"product_tag":[405],"class_list":{"0":"post-11458","1":"product","2":"type-product","3":"status-publish","4":"has-post-thumbnail","6":"product_cat-kitos-prekes","7":"product_cat-rankdarbiu-priemones","8":"product_tag-priemones-rankdarbiams","9":"pa_brand-knorr-prandell","11":"first","12":"instock","13":"shipping-taxable","14":"purchasable","15":"product-type-simple"},"_links":{"self":[{"href":"https:\/\/maloniossmulkmenos.lt\/en\/wp-json\/wp\/v2\/product\/11458","targetHints":{"allow":["GET"]}}],"collection":[{"href":"https:\/\/maloniossmulkmenos.lt\/en\/wp-json\/wp\/v2\/product"}],"about":[{"href":"https:\/\/maloniossmulkmenos.lt\/en\/wp-json\/wp\/v2\/types\/product"}],"version-history":[{"count":2,"href":"https:\/\/maloniossmulkmenos.lt\/en\/wp-json\/wp\/v2\/product\/11458\/revisions"}],"predecessor-version":[{"id":12056,"href":"https:\/\/maloniossmulkmenos.lt\/en\/wp-json\/wp\/v2\/product\/11458\/revisions\/12056"}],"wp:featuredmedia":[{"embeddable":true,"href":"https:\/\/maloniossmulkmenos.lt\/en\/wp-json\/wp\/v2\/media\/11460"}],"wp:attachment":[{"href":"https:\/\/maloniossmulkmenos.lt\/en\/wp-json\/wp\/v2\/media?parent=11458"}],"wp:term":[{"taxonomy":"product_brand","embeddable":true,"href":"https:\/\/maloniossmulkmenos.lt\/en\/wp-json\/wp\/v2\/product_brand?post=11458"},{"taxonomy":"product_cat","embeddable":true,"href":"https:\/\/maloniossmulkmenos.lt\/en\/wp-json\/wp\/v2\/product_cat?post=11458"},{"taxonomy":"product_tag","embeddable":true,"href":"https:\/\/maloniossmulkmenos.lt\/en\/wp-json\/wp\/v2\/product_tag?post=11458"}],"curies":[{"name":"wp","href":"https:\/\/api.w.org\/{rel}","templated":true}]}}