{"id":11466,"date":"2023-02-06T14:49:36","date_gmt":"2023-02-06T12:49:36","guid":{"rendered":"https:\/\/maloniossmulkmenos.lt\/?post_type=product&#038;p=11466"},"modified":"2023-02-06T14:53:04","modified_gmt":"2023-02-06T12:53:04","slug":"popieriaus-rinkinys-flirty-fleur-a4-prima-marketing","status":"publish","type":"product","link":"https:\/\/maloniossmulkmenos.lt\/en\/product\/popieriaus-rinkinys-flirty-fleur-a4-prima-marketing\/","title":{"rendered":"Popieriaus rinkinys Flirty Fleur (A4) Prima Marketing"},"content":{"rendered":"<ul>\n<li>A4 (21 cm x 29,7 cm)<\/li>\n<li>30 lap\u0173<\/li>\n<li>6 dvipusi\u0173 lap\u0173 dizainai<\/li>\n<\/ul>","protected":false},"excerpt":{"rendered":"<p>A4 (21 cm x 29,7 cm) 30 lap\u0173 6 dvipusi\u0173 lap\u0173 dizainai<\/p>","protected":false},"featured_media":11463,"template":"","meta":{"om_disable_all_campaigns":false,"_monsterinsights_skip_tracking":false,"_monsterinsights_sitenote_active":false,"_monsterinsights_sitenote_note":"","_monsterinsights_sitenote_category":0},"product_brand":[],"product_cat":[79],"product_tag":[406],"class_list":{"0":"post-11466","1":"product","2":"type-product","3":"status-publish","4":"has-post-thumbnail","6":"product_cat-skrebinimas","7":"product_tag-prima-marketing","9":"first","10":"instock","11":"sale","12":"shipping-taxable","13":"purchasable","14":"product-type-simple"},"_links":{"self":[{"href":"https:\/\/maloniossmulkmenos.lt\/en\/wp-json\/wp\/v2\/product\/11466","targetHints":{"allow":["GET"]}}],"collection":[{"href":"https:\/\/maloniossmulkmenos.lt\/en\/wp-json\/wp\/v2\/product"}],"about":[{"href":"https:\/\/maloniossmulkmenos.lt\/en\/wp-json\/wp\/v2\/types\/product"}],"version-history":[{"count":1,"href":"https:\/\/maloniossmulkmenos.lt\/en\/wp-json\/wp\/v2\/product\/11466\/revisions"}],"predecessor-version":[{"id":11467,"href":"https:\/\/maloniossmulkmenos.lt\/en\/wp-json\/wp\/v2\/product\/11466\/revisions\/11467"}],"wp:featuredmedia":[{"embeddable":true,"href":"https:\/\/maloniossmulkmenos.lt\/en\/wp-json\/wp\/v2\/media\/11463"}],"wp:attachment":[{"href":"https:\/\/maloniossmulkmenos.lt\/en\/wp-json\/wp\/v2\/media?parent=11466"}],"wp:term":[{"taxonomy":"product_brand","embeddable":true,"href":"https:\/\/maloniossmulkmenos.lt\/en\/wp-json\/wp\/v2\/product_brand?post=11466"},{"taxonomy":"product_cat","embeddable":true,"href":"https:\/\/maloniossmulkmenos.lt\/en\/wp-json\/wp\/v2\/product_cat?post=11466"},{"taxonomy":"product_tag","embeddable":true,"href":"https:\/\/maloniossmulkmenos.lt\/en\/wp-json\/wp\/v2\/product_tag?post=11466"}],"curies":[{"name":"wp","href":"https:\/\/api.w.org\/{rel}","templated":true}]}}