{"id":11537,"date":"2023-02-07T13:19:44","date_gmt":"2023-02-07T11:19:44","guid":{"rendered":"https:\/\/maloniossmulkmenos.lt\/?post_type=product&#038;p=11537"},"modified":"2023-02-09T12:02:28","modified_gmt":"2023-02-09T10:02:28","slug":"impasto-dazai-lavender-finnabair","status":"publish","type":"product","link":"https:\/\/maloniossmulkmenos.lt\/en\/product\/impasto-dazai-lavender-finnabair\/","title":{"rendered":"Impasto da\u017eai Lavender (Finnabair)"},"content":{"rendered":"<ul>\n<li>75 ml<\/li>\n<li>Tir\u0161ti akrilo da\u017eai, galima naudoti kaip strukturin\u0119 past\u0105<\/li>\n<\/ul>","protected":false},"excerpt":{"rendered":"<p>75 ml Tir\u0161ti akrilo da\u017eai, galima naudoti kaip strukturin\u0119 past\u0105<\/p>","protected":false},"featured_media":11539,"template":"","meta":{"om_disable_all_campaigns":false,"_monsterinsights_skip_tracking":false,"_monsterinsights_sitenote_active":false,"_monsterinsights_sitenote_note":"","_monsterinsights_sitenote_category":0},"product_brand":[],"product_cat":[79],"product_tag":[409,406],"class_list":{"0":"post-11537","1":"product","2":"type-product","3":"status-publish","4":"has-post-thumbnail","6":"product_cat-skrebinimas","7":"product_tag-finnabair","8":"product_tag-prima-marketing","10":"first","11":"instock","12":"sale","13":"shipping-taxable","14":"purchasable","15":"product-type-simple"},"_links":{"self":[{"href":"https:\/\/maloniossmulkmenos.lt\/en\/wp-json\/wp\/v2\/product\/11537","targetHints":{"allow":["GET"]}}],"collection":[{"href":"https:\/\/maloniossmulkmenos.lt\/en\/wp-json\/wp\/v2\/product"}],"about":[{"href":"https:\/\/maloniossmulkmenos.lt\/en\/wp-json\/wp\/v2\/types\/product"}],"version-history":[{"count":1,"href":"https:\/\/maloniossmulkmenos.lt\/en\/wp-json\/wp\/v2\/product\/11537\/revisions"}],"predecessor-version":[{"id":11540,"href":"https:\/\/maloniossmulkmenos.lt\/en\/wp-json\/wp\/v2\/product\/11537\/revisions\/11540"}],"wp:featuredmedia":[{"embeddable":true,"href":"https:\/\/maloniossmulkmenos.lt\/en\/wp-json\/wp\/v2\/media\/11539"}],"wp:attachment":[{"href":"https:\/\/maloniossmulkmenos.lt\/en\/wp-json\/wp\/v2\/media?parent=11537"}],"wp:term":[{"taxonomy":"product_brand","embeddable":true,"href":"https:\/\/maloniossmulkmenos.lt\/en\/wp-json\/wp\/v2\/product_brand?post=11537"},{"taxonomy":"product_cat","embeddable":true,"href":"https:\/\/maloniossmulkmenos.lt\/en\/wp-json\/wp\/v2\/product_cat?post=11537"},{"taxonomy":"product_tag","embeddable":true,"href":"https:\/\/maloniossmulkmenos.lt\/en\/wp-json\/wp\/v2\/product_tag?post=11537"}],"curies":[{"name":"wp","href":"https:\/\/api.w.org\/{rel}","templated":true}]}}