{"id":11541,"date":"2023-02-07T13:25:20","date_gmt":"2023-02-07T11:25:20","guid":{"rendered":"https:\/\/maloniossmulkmenos.lt\/?post_type=product&#038;p=11541"},"modified":"2023-03-11T21:51:45","modified_gmt":"2023-03-11T19:51:45","slug":"impasto-dazai-snow-white-finnabair","status":"publish","type":"product","link":"https:\/\/maloniossmulkmenos.lt\/en\/product\/impasto-dazai-snow-white-finnabair\/","title":{"rendered":"Impasto da\u017eai Snow white (Finnabair)"},"content":{"rendered":"<ul>\n<li>75 ml<\/li>\n<li>Tir\u0161ti akrilo da\u017eai, galima naudoti kaip strukturin\u0119 past\u0105<\/li>\n<\/ul>","protected":false},"excerpt":{"rendered":"<p>75 ml Tir\u0161ti akrilo da\u017eai, galima naudoti kaip strukturin\u0119 past\u0105<\/p>","protected":false},"featured_media":11542,"template":"","meta":{"om_disable_all_campaigns":false,"_monsterinsights_skip_tracking":false,"_monsterinsights_sitenote_active":false,"_monsterinsights_sitenote_note":"","_monsterinsights_sitenote_category":0},"product_brand":[],"product_cat":[79],"product_tag":[409,406],"class_list":{"0":"post-11541","1":"product","2":"type-product","3":"status-publish","4":"has-post-thumbnail","6":"product_cat-skrebinimas","7":"product_tag-finnabair","8":"product_tag-prima-marketing","10":"first","11":"instock","12":"sale","13":"shipping-taxable","14":"purchasable","15":"product-type-simple"},"_links":{"self":[{"href":"https:\/\/maloniossmulkmenos.lt\/en\/wp-json\/wp\/v2\/product\/11541","targetHints":{"allow":["GET"]}}],"collection":[{"href":"https:\/\/maloniossmulkmenos.lt\/en\/wp-json\/wp\/v2\/product"}],"about":[{"href":"https:\/\/maloniossmulkmenos.lt\/en\/wp-json\/wp\/v2\/types\/product"}],"version-history":[{"count":1,"href":"https:\/\/maloniossmulkmenos.lt\/en\/wp-json\/wp\/v2\/product\/11541\/revisions"}],"predecessor-version":[{"id":11543,"href":"https:\/\/maloniossmulkmenos.lt\/en\/wp-json\/wp\/v2\/product\/11541\/revisions\/11543"}],"wp:featuredmedia":[{"embeddable":true,"href":"https:\/\/maloniossmulkmenos.lt\/en\/wp-json\/wp\/v2\/media\/11542"}],"wp:attachment":[{"href":"https:\/\/maloniossmulkmenos.lt\/en\/wp-json\/wp\/v2\/media?parent=11541"}],"wp:term":[{"taxonomy":"product_brand","embeddable":true,"href":"https:\/\/maloniossmulkmenos.lt\/en\/wp-json\/wp\/v2\/product_brand?post=11541"},{"taxonomy":"product_cat","embeddable":true,"href":"https:\/\/maloniossmulkmenos.lt\/en\/wp-json\/wp\/v2\/product_cat?post=11541"},{"taxonomy":"product_tag","embeddable":true,"href":"https:\/\/maloniossmulkmenos.lt\/en\/wp-json\/wp\/v2\/product_tag?post=11541"}],"curies":[{"name":"wp","href":"https:\/\/api.w.org\/{rel}","templated":true}]}}