{"id":11632,"date":"2023-02-08T10:21:47","date_gmt":"2023-02-08T08:21:47","guid":{"rendered":"https:\/\/maloniossmulkmenos.lt\/?post_type=product&#038;p=11632"},"modified":"2023-03-11T21:51:45","modified_gmt":"2023-03-11T19:51:45","slug":"rinkinys-liejimo-technikai-stamperia-pouring-kit","status":"publish","type":"product","link":"https:\/\/maloniossmulkmenos.lt\/en\/product\/rinkinys-liejimo-technikai-stamperia-pouring-kit\/","title":{"rendered":"Rinkinys liejimo technikai Stamperia Pouring Kit"},"content":{"rendered":"<ul>\n<li>Mediumas 500 ml<\/li>\n<li>Aliejus 20 ml<\/li>\n<\/ul>\n<p>Naudojimas: sumai\u0161yti medium\u0105 su akrilo da\u017eais (1:2). Prid\u0117ti por\u0105 la\u0161eli\u0173 aliejuko<\/p>","protected":false},"excerpt":{"rendered":"<p>Mediumas 500 ml Aliejus 20 ml Naudojimas: sumai\u0161yti medium\u0105 su akrilo da\u017eais (1:2). Prid\u0117ti por\u0105 la\u0161eli\u0173 aliejuko<\/p>","protected":false},"featured_media":11634,"template":"","meta":{"om_disable_all_campaigns":false,"_monsterinsights_skip_tracking":false,"_monsterinsights_sitenote_active":false,"_monsterinsights_sitenote_note":"","_monsterinsights_sitenote_category":0},"product_brand":[],"product_cat":[79],"product_tag":[],"class_list":{"0":"post-11632","1":"product","2":"type-product","3":"status-publish","4":"has-post-thumbnail","6":"product_cat-skrebinimas","8":"first","9":"outofstock","10":"sale","11":"shipping-taxable","12":"purchasable","13":"product-type-simple"},"_links":{"self":[{"href":"https:\/\/maloniossmulkmenos.lt\/en\/wp-json\/wp\/v2\/product\/11632","targetHints":{"allow":["GET"]}}],"collection":[{"href":"https:\/\/maloniossmulkmenos.lt\/en\/wp-json\/wp\/v2\/product"}],"about":[{"href":"https:\/\/maloniossmulkmenos.lt\/en\/wp-json\/wp\/v2\/types\/product"}],"version-history":[{"count":2,"href":"https:\/\/maloniossmulkmenos.lt\/en\/wp-json\/wp\/v2\/product\/11632\/revisions"}],"predecessor-version":[{"id":11637,"href":"https:\/\/maloniossmulkmenos.lt\/en\/wp-json\/wp\/v2\/product\/11632\/revisions\/11637"}],"wp:featuredmedia":[{"embeddable":true,"href":"https:\/\/maloniossmulkmenos.lt\/en\/wp-json\/wp\/v2\/media\/11634"}],"wp:attachment":[{"href":"https:\/\/maloniossmulkmenos.lt\/en\/wp-json\/wp\/v2\/media?parent=11632"}],"wp:term":[{"taxonomy":"product_brand","embeddable":true,"href":"https:\/\/maloniossmulkmenos.lt\/en\/wp-json\/wp\/v2\/product_brand?post=11632"},{"taxonomy":"product_cat","embeddable":true,"href":"https:\/\/maloniossmulkmenos.lt\/en\/wp-json\/wp\/v2\/product_cat?post=11632"},{"taxonomy":"product_tag","embeddable":true,"href":"https:\/\/maloniossmulkmenos.lt\/en\/wp-json\/wp\/v2\/product_tag?post=11632"}],"curies":[{"name":"wp","href":"https:\/\/api.w.org\/{rel}","templated":true}]}}