{"id":11937,"date":"2023-07-18T09:18:02","date_gmt":"2023-07-18T07:18:02","guid":{"rendered":"https:\/\/maloniossmulkmenos.lt\/?post_type=product&#038;p=11937"},"modified":"2024-09-13T08:38:14","modified_gmt":"2024-09-13T06:38:14","slug":"dovanu-dezute-pakabukui-auskarams-ksena","status":"publish","type":"product","link":"https:\/\/maloniossmulkmenos.lt\/en\/product\/dovanu-dezute-pakabukui-auskarams-ksena\/","title":{"rendered":"Dovan\u0173 d\u0117\u017eut\u0117 pakabukui\/auskarams Ksena"},"content":{"rendered":"<p>Dydis (mm): 66 x 70 x32<\/p>\n<p>Vidaus i\u0161matavimai (mm): 62 x 60 x 10+5<\/p>","protected":false},"excerpt":{"rendered":"<p>Dydis (mm): 66 x 70 x32 Vidaus i\u0161matavimai (mm): 62 x 60 x 10+5<\/p>","protected":false},"featured_media":11940,"template":"","meta":{"om_disable_all_campaigns":false,"_monsterinsights_skip_tracking":false,"_monsterinsights_sitenote_active":false,"_monsterinsights_sitenote_note":"","_monsterinsights_sitenote_category":0},"product_brand":[],"product_cat":[130,302],"product_tag":[],"class_list":{"0":"post-11937","1":"product","2":"type-product","3":"status-publish","4":"has-post-thumbnail","6":"product_cat-dezutes","7":"product_cat-odos-imitacijos-dezutes","9":"first","10":"instock","11":"shipping-taxable","12":"purchasable","13":"product-type-simple"},"_links":{"self":[{"href":"https:\/\/maloniossmulkmenos.lt\/en\/wp-json\/wp\/v2\/product\/11937","targetHints":{"allow":["GET"]}}],"collection":[{"href":"https:\/\/maloniossmulkmenos.lt\/en\/wp-json\/wp\/v2\/product"}],"about":[{"href":"https:\/\/maloniossmulkmenos.lt\/en\/wp-json\/wp\/v2\/types\/product"}],"version-history":[{"count":1,"href":"https:\/\/maloniossmulkmenos.lt\/en\/wp-json\/wp\/v2\/product\/11937\/revisions"}],"predecessor-version":[{"id":11942,"href":"https:\/\/maloniossmulkmenos.lt\/en\/wp-json\/wp\/v2\/product\/11937\/revisions\/11942"}],"wp:featuredmedia":[{"embeddable":true,"href":"https:\/\/maloniossmulkmenos.lt\/en\/wp-json\/wp\/v2\/media\/11940"}],"wp:attachment":[{"href":"https:\/\/maloniossmulkmenos.lt\/en\/wp-json\/wp\/v2\/media?parent=11937"}],"wp:term":[{"taxonomy":"product_brand","embeddable":true,"href":"https:\/\/maloniossmulkmenos.lt\/en\/wp-json\/wp\/v2\/product_brand?post=11937"},{"taxonomy":"product_cat","embeddable":true,"href":"https:\/\/maloniossmulkmenos.lt\/en\/wp-json\/wp\/v2\/product_cat?post=11937"},{"taxonomy":"product_tag","embeddable":true,"href":"https:\/\/maloniossmulkmenos.lt\/en\/wp-json\/wp\/v2\/product_tag?post=11937"}],"curies":[{"name":"wp","href":"https:\/\/api.w.org\/{rel}","templated":true}]}}