{"id":11948,"date":"2023-07-18T10:27:08","date_gmt":"2023-07-18T08:27:08","guid":{"rendered":"https:\/\/maloniossmulkmenos.lt\/?post_type=product&#038;p=11948"},"modified":"2023-07-18T10:30:09","modified_gmt":"2023-07-18T08:30:09","slug":"331-19001-10-0-02141","status":"publish","type":"product","link":"https:\/\/maloniossmulkmenos.lt\/en\/product\/331-19001-10-0-02141\/","title":{"rendered":"331-19001-10\/0-02141"},"content":{"rendered":"<ul>\n<li>50gr (+\/- 1 gr)<\/li>\n<li>~ \u00d8 2.3 mm (lestinas nuokrypis 2.2 &#8211; 2.4 mm)<\/li>\n<li>skyl\u0117 \u00d8 0.7 &#8211; 0.8 mm<\/li>\n<li>~4550 vnt<\/li>\n<li>skyl\u0117 apvali<\/li>\n<li>grey 2 dyed alabaster<\/li>\n<\/ul>","protected":false},"excerpt":{"rendered":"<p>50gr (+\/- 1 gr) ~ \u00d8 2.3 mm (lestinas nuokrypis 2.2 &#8211; 2.4 mm) skyl\u0117 \u00d8 0.7 &#8211; 0.8 mm<\/p>","protected":false},"featured_media":11949,"template":"","meta":{"om_disable_all_campaigns":false,"_monsterinsights_skip_tracking":false,"_monsterinsights_sitenote_active":false,"_monsterinsights_sitenote_note":"","_monsterinsights_sitenote_category":0},"product_brand":[],"product_cat":[359],"product_tag":[351,365],"class_list":{"0":"post-11948","1":"product","2":"type-product","3":"status-publish","4":"has-post-thumbnail","6":"product_cat-10-0","7":"product_tag-preciosa","8":"product_tag-rocailles","9":"pa_brand-preciosa","11":"first","12":"instock","13":"shipping-taxable","14":"purchasable","15":"product-type-simple"},"_links":{"self":[{"href":"https:\/\/maloniossmulkmenos.lt\/en\/wp-json\/wp\/v2\/product\/11948","targetHints":{"allow":["GET"]}}],"collection":[{"href":"https:\/\/maloniossmulkmenos.lt\/en\/wp-json\/wp\/v2\/product"}],"about":[{"href":"https:\/\/maloniossmulkmenos.lt\/en\/wp-json\/wp\/v2\/types\/product"}],"version-history":[{"count":1,"href":"https:\/\/maloniossmulkmenos.lt\/en\/wp-json\/wp\/v2\/product\/11948\/revisions"}],"predecessor-version":[{"id":11951,"href":"https:\/\/maloniossmulkmenos.lt\/en\/wp-json\/wp\/v2\/product\/11948\/revisions\/11951"}],"wp:featuredmedia":[{"embeddable":true,"href":"https:\/\/maloniossmulkmenos.lt\/en\/wp-json\/wp\/v2\/media\/11949"}],"wp:attachment":[{"href":"https:\/\/maloniossmulkmenos.lt\/en\/wp-json\/wp\/v2\/media?parent=11948"}],"wp:term":[{"taxonomy":"product_brand","embeddable":true,"href":"https:\/\/maloniossmulkmenos.lt\/en\/wp-json\/wp\/v2\/product_brand?post=11948"},{"taxonomy":"product_cat","embeddable":true,"href":"https:\/\/maloniossmulkmenos.lt\/en\/wp-json\/wp\/v2\/product_cat?post=11948"},{"taxonomy":"product_tag","embeddable":true,"href":"https:\/\/maloniossmulkmenos.lt\/en\/wp-json\/wp\/v2\/product_tag?post=11948"}],"curies":[{"name":"wp","href":"https:\/\/api.w.org\/{rel}","templated":true}]}}