{"id":12247,"date":"2023-09-20T13:15:05","date_gmt":"2023-09-20T11:15:05","guid":{"rendered":"https:\/\/maloniossmulkmenos.lt\/?post_type=product&#038;p=12247"},"modified":"2024-09-09T08:58:57","modified_gmt":"2024-09-09T06:58:57","slug":"guma-10-m-violetine","status":"publish","type":"product","link":"https:\/\/maloniossmulkmenos.lt\/en\/product\/guma-10-m-violetine\/","title":{"rendered":"Guma 10 m violetin\u0117"},"content":{"rendered":"<ul>\n<li>1 mm<\/li>\n<li>plok\u0161\u010dia<\/li>\n<li>sudaryta i\u0161 daug si\u016bli\u0173<\/li>\n<li>rekomenduojama verti dviguba<\/li>\n<li>kartu prid\u0117tas valo gabaliukas (naudoti kaip adat\u0105)<\/li>\n<li>nuotraukoje pavaizduota spalva, ne kiekis<\/li>\n<\/ul>","protected":false},"excerpt":{"rendered":"<p>1 mm plok\u0161\u010dia sudaryta i\u0161 daug si\u016bli\u0173 rekomenduojama verti dviguba kartu prid\u0117tas valo gabaliukas (naudoti kaip adat\u0105) nuotraukoje pavaizduota spalva,<\/p>","protected":false},"featured_media":12209,"template":"","meta":{"om_disable_all_campaigns":false,"_monsterinsights_skip_tracking":false,"_monsterinsights_sitenote_active":false,"_monsterinsights_sitenote_note":"","_monsterinsights_sitenote_category":0},"product_brand":[],"product_cat":[418],"product_tag":[],"class_list":{"0":"post-12247","1":"product","2":"type-product","3":"status-publish","4":"has-post-thumbnail","6":"product_cat-guma","8":"first","9":"instock","10":"shipping-taxable","11":"purchasable","12":"product-type-simple"},"_links":{"self":[{"href":"https:\/\/maloniossmulkmenos.lt\/en\/wp-json\/wp\/v2\/product\/12247","targetHints":{"allow":["GET"]}}],"collection":[{"href":"https:\/\/maloniossmulkmenos.lt\/en\/wp-json\/wp\/v2\/product"}],"about":[{"href":"https:\/\/maloniossmulkmenos.lt\/en\/wp-json\/wp\/v2\/types\/product"}],"version-history":[{"count":1,"href":"https:\/\/maloniossmulkmenos.lt\/en\/wp-json\/wp\/v2\/product\/12247\/revisions"}],"predecessor-version":[{"id":12248,"href":"https:\/\/maloniossmulkmenos.lt\/en\/wp-json\/wp\/v2\/product\/12247\/revisions\/12248"}],"wp:featuredmedia":[{"embeddable":true,"href":"https:\/\/maloniossmulkmenos.lt\/en\/wp-json\/wp\/v2\/media\/12209"}],"wp:attachment":[{"href":"https:\/\/maloniossmulkmenos.lt\/en\/wp-json\/wp\/v2\/media?parent=12247"}],"wp:term":[{"taxonomy":"product_brand","embeddable":true,"href":"https:\/\/maloniossmulkmenos.lt\/en\/wp-json\/wp\/v2\/product_brand?post=12247"},{"taxonomy":"product_cat","embeddable":true,"href":"https:\/\/maloniossmulkmenos.lt\/en\/wp-json\/wp\/v2\/product_cat?post=12247"},{"taxonomy":"product_tag","embeddable":true,"href":"https:\/\/maloniossmulkmenos.lt\/en\/wp-json\/wp\/v2\/product_tag?post=12247"}],"curies":[{"name":"wp","href":"https:\/\/api.w.org\/{rel}","templated":true}]}}