{"id":12458,"date":"2023-10-25T10:51:31","date_gmt":"2023-10-25T08:51:31","guid":{"rendered":"https:\/\/maloniossmulkmenos.lt\/?post_type=product&#038;p=12458"},"modified":"2023-10-25T10:52:05","modified_gmt":"2023-10-25T08:52:05","slug":"nerudijancio-plieno-uzsegimas-10-mm","status":"publish","type":"product","link":"https:\/\/maloniossmulkmenos.lt\/en\/product\/nerudijancio-plieno-uzsegimas-10-mm\/","title":{"rendered":"Ner\u016bdijan\u010dio plieno u\u017esegimas 10 mm"},"content":{"rendered":"<p>7&#215;10 mm<\/p>","protected":false},"excerpt":{"rendered":"<p>7&#215;10 mm<\/p>","protected":false},"featured_media":8916,"template":"","meta":{"om_disable_all_campaigns":false,"_monsterinsights_skip_tracking":false,"_monsterinsights_sitenote_active":false,"_monsterinsights_sitenote_note":"","_monsterinsights_sitenote_category":0},"product_brand":[],"product_cat":[131,132],"product_tag":[],"class_list":{"0":"post-12458","1":"product","2":"type-product","3":"status-publish","4":"has-post-thumbnail","6":"product_cat-nerudijantis-plienas","7":"product_cat-uzsegimai","9":"first","10":"instock","11":"shipping-taxable","12":"purchasable","13":"product-type-simple"},"_links":{"self":[{"href":"https:\/\/maloniossmulkmenos.lt\/en\/wp-json\/wp\/v2\/product\/12458","targetHints":{"allow":["GET"]}}],"collection":[{"href":"https:\/\/maloniossmulkmenos.lt\/en\/wp-json\/wp\/v2\/product"}],"about":[{"href":"https:\/\/maloniossmulkmenos.lt\/en\/wp-json\/wp\/v2\/types\/product"}],"version-history":[{"count":1,"href":"https:\/\/maloniossmulkmenos.lt\/en\/wp-json\/wp\/v2\/product\/12458\/revisions"}],"predecessor-version":[{"id":12460,"href":"https:\/\/maloniossmulkmenos.lt\/en\/wp-json\/wp\/v2\/product\/12458\/revisions\/12460"}],"wp:featuredmedia":[{"embeddable":true,"href":"https:\/\/maloniossmulkmenos.lt\/en\/wp-json\/wp\/v2\/media\/8916"}],"wp:attachment":[{"href":"https:\/\/maloniossmulkmenos.lt\/en\/wp-json\/wp\/v2\/media?parent=12458"}],"wp:term":[{"taxonomy":"product_brand","embeddable":true,"href":"https:\/\/maloniossmulkmenos.lt\/en\/wp-json\/wp\/v2\/product_brand?post=12458"},{"taxonomy":"product_cat","embeddable":true,"href":"https:\/\/maloniossmulkmenos.lt\/en\/wp-json\/wp\/v2\/product_cat?post=12458"},{"taxonomy":"product_tag","embeddable":true,"href":"https:\/\/maloniossmulkmenos.lt\/en\/wp-json\/wp\/v2\/product_tag?post=12458"}],"curies":[{"name":"wp","href":"https:\/\/api.w.org\/{rel}","templated":true}]}}