{"id":12631,"date":"2024-01-16T12:42:35","date_gmt":"2024-01-16T10:42:35","guid":{"rendered":"https:\/\/maloniossmulkmenos.lt\/?post_type=product&#038;p=12631"},"modified":"2026-03-03T17:28:32","modified_gmt":"2026-03-03T15:28:32","slug":"uzspaudziami-maiseliai-50x70-mm","status":"publish","type":"product","link":"https:\/\/maloniossmulkmenos.lt\/en\/product\/uzspaudziami-maiseliai-50x70-mm\/","title":{"rendered":"U\u017espaud\u017eiami mai\u0161eliai 50&#215;70 mm"},"content":{"rendered":"<ul>\n<li>100 vnt<\/li>\n<li>50 x 70 mm<\/li>\n<li>40 mikron\u0173<\/li>\n<\/ul>","protected":false},"excerpt":{"rendered":"<p>100 vnt 50 x 70 mm 40 mikron\u0173<\/p>","protected":false},"featured_media":12629,"template":"","meta":{"om_disable_all_campaigns":false,"_monsterinsights_skip_tracking":false,"_monsterinsights_sitenote_active":false,"_monsterinsights_sitenote_note":"","_monsterinsights_sitenote_category":0},"product_brand":[],"product_cat":[430],"product_tag":[],"class_list":{"0":"post-12631","1":"product","2":"type-product","3":"status-publish","4":"has-post-thumbnail","6":"product_cat-uzspaudziami-maiseliai","8":"first","9":"outofstock","10":"shipping-taxable","11":"purchasable","12":"product-type-simple"},"_links":{"self":[{"href":"https:\/\/maloniossmulkmenos.lt\/en\/wp-json\/wp\/v2\/product\/12631","targetHints":{"allow":["GET"]}}],"collection":[{"href":"https:\/\/maloniossmulkmenos.lt\/en\/wp-json\/wp\/v2\/product"}],"about":[{"href":"https:\/\/maloniossmulkmenos.lt\/en\/wp-json\/wp\/v2\/types\/product"}],"version-history":[{"count":1,"href":"https:\/\/maloniossmulkmenos.lt\/en\/wp-json\/wp\/v2\/product\/12631\/revisions"}],"predecessor-version":[{"id":12632,"href":"https:\/\/maloniossmulkmenos.lt\/en\/wp-json\/wp\/v2\/product\/12631\/revisions\/12632"}],"wp:featuredmedia":[{"embeddable":true,"href":"https:\/\/maloniossmulkmenos.lt\/en\/wp-json\/wp\/v2\/media\/12629"}],"wp:attachment":[{"href":"https:\/\/maloniossmulkmenos.lt\/en\/wp-json\/wp\/v2\/media?parent=12631"}],"wp:term":[{"taxonomy":"product_brand","embeddable":true,"href":"https:\/\/maloniossmulkmenos.lt\/en\/wp-json\/wp\/v2\/product_brand?post=12631"},{"taxonomy":"product_cat","embeddable":true,"href":"https:\/\/maloniossmulkmenos.lt\/en\/wp-json\/wp\/v2\/product_cat?post=12631"},{"taxonomy":"product_tag","embeddable":true,"href":"https:\/\/maloniossmulkmenos.lt\/en\/wp-json\/wp\/v2\/product_tag?post=12631"}],"curies":[{"name":"wp","href":"https:\/\/api.w.org\/{rel}","templated":true}]}}