{"id":12675,"date":"2024-01-24T12:16:48","date_gmt":"2024-01-24T10:16:48","guid":{"rendered":"https:\/\/maloniossmulkmenos.lt\/?post_type=product&#038;p=12675"},"modified":"2025-05-08T14:48:58","modified_gmt":"2025-05-08T12:48:58","slug":"dovanu-dezute-universali-carla-balta-auksine","status":"publish","type":"product","link":"https:\/\/maloniossmulkmenos.lt\/en\/product\/dovanu-dezute-universali-carla-balta-auksine\/","title":{"rendered":"Dovan\u0173 d\u0117\u017eut\u0117 universali CARLA balta\/auksin\u0117"},"content":{"rendered":"<p>Didys (mm): 90 x 90 x 32<\/p>\n<p>Vidaus i\u0161matavimai (mm): 83 x 83 x 15+12<\/p>","protected":false},"excerpt":{"rendered":"<p>Didys (mm): 90 x 90 x 32 Vidaus i\u0161matavimai (mm): 83 x 83 x 15+12<\/p>","protected":false},"featured_media":12339,"template":"","meta":{"om_disable_all_campaigns":false,"_monsterinsights_skip_tracking":false,"_monsterinsights_sitenote_active":false,"_monsterinsights_sitenote_note":"","_monsterinsights_sitenote_category":0},"product_brand":[],"product_cat":[303],"product_tag":[],"class_list":{"0":"post-12675","1":"product","2":"type-product","3":"status-publish","4":"has-post-thumbnail","6":"product_cat-kartonines-dezutes","8":"first","9":"instock","10":"sale","11":"shipping-taxable","12":"purchasable","13":"product-type-simple"},"_links":{"self":[{"href":"https:\/\/maloniossmulkmenos.lt\/en\/wp-json\/wp\/v2\/product\/12675","targetHints":{"allow":["GET"]}}],"collection":[{"href":"https:\/\/maloniossmulkmenos.lt\/en\/wp-json\/wp\/v2\/product"}],"about":[{"href":"https:\/\/maloniossmulkmenos.lt\/en\/wp-json\/wp\/v2\/types\/product"}],"version-history":[{"count":1,"href":"https:\/\/maloniossmulkmenos.lt\/en\/wp-json\/wp\/v2\/product\/12675\/revisions"}],"predecessor-version":[{"id":12676,"href":"https:\/\/maloniossmulkmenos.lt\/en\/wp-json\/wp\/v2\/product\/12675\/revisions\/12676"}],"wp:featuredmedia":[{"embeddable":true,"href":"https:\/\/maloniossmulkmenos.lt\/en\/wp-json\/wp\/v2\/media\/12339"}],"wp:attachment":[{"href":"https:\/\/maloniossmulkmenos.lt\/en\/wp-json\/wp\/v2\/media?parent=12675"}],"wp:term":[{"taxonomy":"product_brand","embeddable":true,"href":"https:\/\/maloniossmulkmenos.lt\/en\/wp-json\/wp\/v2\/product_brand?post=12675"},{"taxonomy":"product_cat","embeddable":true,"href":"https:\/\/maloniossmulkmenos.lt\/en\/wp-json\/wp\/v2\/product_cat?post=12675"},{"taxonomy":"product_tag","embeddable":true,"href":"https:\/\/maloniossmulkmenos.lt\/en\/wp-json\/wp\/v2\/product_tag?post=12675"}],"curies":[{"name":"wp","href":"https:\/\/api.w.org\/{rel}","templated":true}]}}