{"id":12743,"date":"2024-02-28T14:11:02","date_gmt":"2024-02-28T12:11:02","guid":{"rendered":"https:\/\/maloniossmulkmenos.lt\/?post_type=product&#038;p=12743"},"modified":"2024-02-28T15:21:44","modified_gmt":"2024-02-28T13:21:44","slug":"servetele-sidabro-valymui-zydra","status":"publish","type":"product","link":"https:\/\/maloniossmulkmenos.lt\/en\/product\/servetele-sidabro-valymui-zydra\/","title":{"rendered":"Servet\u0117l\u0117 sidabro valymui (\u017dydra)"},"content":{"rendered":"<p>Didys (mm): 240 x 200<\/p>\n<p>Neskalbti<\/p>","protected":false},"excerpt":{"rendered":"<p>Didys (mm): 240 x 200 Neskalbti<\/p>","protected":false},"featured_media":12739,"template":"","meta":{"om_disable_all_campaigns":false,"_monsterinsights_skip_tracking":false,"_monsterinsights_sitenote_active":false,"_monsterinsights_sitenote_note":"","_monsterinsights_sitenote_category":0},"product_brand":[],"product_cat":[20,432],"product_tag":[],"class_list":{"0":"post-12743","1":"product","2":"type-product","3":"status-publish","4":"has-post-thumbnail","6":"product_cat-kitos-prekes","7":"product_cat-valuymui","9":"first","10":"instock","11":"shipping-taxable","12":"purchasable","13":"product-type-simple"},"_links":{"self":[{"href":"https:\/\/maloniossmulkmenos.lt\/en\/wp-json\/wp\/v2\/product\/12743","targetHints":{"allow":["GET"]}}],"collection":[{"href":"https:\/\/maloniossmulkmenos.lt\/en\/wp-json\/wp\/v2\/product"}],"about":[{"href":"https:\/\/maloniossmulkmenos.lt\/en\/wp-json\/wp\/v2\/types\/product"}],"version-history":[{"count":1,"href":"https:\/\/maloniossmulkmenos.lt\/en\/wp-json\/wp\/v2\/product\/12743\/revisions"}],"predecessor-version":[{"id":12744,"href":"https:\/\/maloniossmulkmenos.lt\/en\/wp-json\/wp\/v2\/product\/12743\/revisions\/12744"}],"wp:featuredmedia":[{"embeddable":true,"href":"https:\/\/maloniossmulkmenos.lt\/en\/wp-json\/wp\/v2\/media\/12739"}],"wp:attachment":[{"href":"https:\/\/maloniossmulkmenos.lt\/en\/wp-json\/wp\/v2\/media?parent=12743"}],"wp:term":[{"taxonomy":"product_brand","embeddable":true,"href":"https:\/\/maloniossmulkmenos.lt\/en\/wp-json\/wp\/v2\/product_brand?post=12743"},{"taxonomy":"product_cat","embeddable":true,"href":"https:\/\/maloniossmulkmenos.lt\/en\/wp-json\/wp\/v2\/product_cat?post=12743"},{"taxonomy":"product_tag","embeddable":true,"href":"https:\/\/maloniossmulkmenos.lt\/en\/wp-json\/wp\/v2\/product_tag?post=12743"}],"curies":[{"name":"wp","href":"https:\/\/api.w.org\/{rel}","templated":true}]}}