{"id":12854,"date":"2024-05-20T15:35:40","date_gmt":"2024-05-20T13:35:40","guid":{"rendered":"https:\/\/maloniossmulkmenos.lt\/?post_type=product&#038;p=12854"},"modified":"2024-05-20T15:36:24","modified_gmt":"2024-05-20T13:36:24","slug":"odine-virvute-2-mm-perlamutrine-sampanine","status":"publish","type":"product","link":"https:\/\/maloniossmulkmenos.lt\/en\/product\/odine-virvute-2-mm-perlamutrine-sampanine\/","title":{"rendered":"Odin\u0117 virvut\u0117 2 mm perlamutrin\u0117 \u0161ampanin\u0117"},"content":{"rendered":"<p>1 m<\/p>","protected":false},"excerpt":{"rendered":"<p>1 m<\/p>","protected":false},"featured_media":12833,"template":"","meta":{"om_disable_all_campaigns":false,"_monsterinsights_skip_tracking":false,"_monsterinsights_sitenote_active":false,"_monsterinsights_sitenote_note":"","_monsterinsights_sitenote_category":0},"product_brand":[],"product_cat":[147],"product_tag":[],"class_list":{"0":"post-12854","1":"product","2":"type-product","3":"status-publish","4":"has-post-thumbnail","6":"product_cat-oda","8":"first","9":"instock","10":"shipping-taxable","11":"purchasable","12":"product-type-simple"},"_links":{"self":[{"href":"https:\/\/maloniossmulkmenos.lt\/en\/wp-json\/wp\/v2\/product\/12854","targetHints":{"allow":["GET"]}}],"collection":[{"href":"https:\/\/maloniossmulkmenos.lt\/en\/wp-json\/wp\/v2\/product"}],"about":[{"href":"https:\/\/maloniossmulkmenos.lt\/en\/wp-json\/wp\/v2\/types\/product"}],"version-history":[{"count":1,"href":"https:\/\/maloniossmulkmenos.lt\/en\/wp-json\/wp\/v2\/product\/12854\/revisions"}],"predecessor-version":[{"id":12855,"href":"https:\/\/maloniossmulkmenos.lt\/en\/wp-json\/wp\/v2\/product\/12854\/revisions\/12855"}],"wp:featuredmedia":[{"embeddable":true,"href":"https:\/\/maloniossmulkmenos.lt\/en\/wp-json\/wp\/v2\/media\/12833"}],"wp:attachment":[{"href":"https:\/\/maloniossmulkmenos.lt\/en\/wp-json\/wp\/v2\/media?parent=12854"}],"wp:term":[{"taxonomy":"product_brand","embeddable":true,"href":"https:\/\/maloniossmulkmenos.lt\/en\/wp-json\/wp\/v2\/product_brand?post=12854"},{"taxonomy":"product_cat","embeddable":true,"href":"https:\/\/maloniossmulkmenos.lt\/en\/wp-json\/wp\/v2\/product_cat?post=12854"},{"taxonomy":"product_tag","embeddable":true,"href":"https:\/\/maloniossmulkmenos.lt\/en\/wp-json\/wp\/v2\/product_tag?post=12854"}],"curies":[{"name":"wp","href":"https:\/\/api.w.org\/{rel}","templated":true}]}}