{"id":13024,"date":"2024-07-02T10:15:42","date_gmt":"2024-07-02T08:15:42","guid":{"rendered":"https:\/\/maloniossmulkmenos.lt\/?post_type=product&#038;p=13024"},"modified":"2024-12-11T15:43:04","modified_gmt":"2024-12-11T13:43:04","slug":"zalvarine-pakabuko-detale-gold-filled","status":"publish","type":"product","link":"https:\/\/maloniossmulkmenos.lt\/en\/product\/zalvarine-pakabuko-detale-gold-filled\/","title":{"rendered":"\u017dalvarin\u0117 pakabuko detal\u0117 (Gold-filled)"},"content":{"rendered":"<ul>\n<li>\u017dalvaris<\/li>\n<li>Gold-filled<\/li>\n<li>8mm x\u00a0 6,5 mm<\/li>\n<li>Cirkonis<\/li>\n<\/ul>","protected":false},"excerpt":{"rendered":"<p>\u017dalvaris Gold-filled 8mm x\u00a0 6,5 mm Cirkonis<\/p>","protected":false},"featured_media":13027,"template":"","meta":{"om_disable_all_campaigns":false,"_monsterinsights_skip_tracking":false,"_monsterinsights_sitenote_active":false,"_monsterinsights_sitenote_note":"","_monsterinsights_sitenote_category":0},"product_brand":[],"product_cat":[139,133,135],"product_tag":[445,424],"class_list":{"0":"post-13024","1":"product","2":"type-product","3":"status-publish","4":"has-post-thumbnail","6":"product_cat-kitos-detales","7":"product_cat-pakabukai-metalines-detales","8":"product_cat-pakabuku-detales","9":"product_tag-gold-filled","10":"product_tag-zalvaris","12":"first","13":"instock","14":"sale","15":"shipping-taxable","16":"purchasable","17":"product-type-simple"},"_links":{"self":[{"href":"https:\/\/maloniossmulkmenos.lt\/en\/wp-json\/wp\/v2\/product\/13024","targetHints":{"allow":["GET"]}}],"collection":[{"href":"https:\/\/maloniossmulkmenos.lt\/en\/wp-json\/wp\/v2\/product"}],"about":[{"href":"https:\/\/maloniossmulkmenos.lt\/en\/wp-json\/wp\/v2\/types\/product"}],"version-history":[{"count":1,"href":"https:\/\/maloniossmulkmenos.lt\/en\/wp-json\/wp\/v2\/product\/13024\/revisions"}],"predecessor-version":[{"id":13030,"href":"https:\/\/maloniossmulkmenos.lt\/en\/wp-json\/wp\/v2\/product\/13024\/revisions\/13030"}],"wp:featuredmedia":[{"embeddable":true,"href":"https:\/\/maloniossmulkmenos.lt\/en\/wp-json\/wp\/v2\/media\/13027"}],"wp:attachment":[{"href":"https:\/\/maloniossmulkmenos.lt\/en\/wp-json\/wp\/v2\/media?parent=13024"}],"wp:term":[{"taxonomy":"product_brand","embeddable":true,"href":"https:\/\/maloniossmulkmenos.lt\/en\/wp-json\/wp\/v2\/product_brand?post=13024"},{"taxonomy":"product_cat","embeddable":true,"href":"https:\/\/maloniossmulkmenos.lt\/en\/wp-json\/wp\/v2\/product_cat?post=13024"},{"taxonomy":"product_tag","embeddable":true,"href":"https:\/\/maloniossmulkmenos.lt\/en\/wp-json\/wp\/v2\/product_tag?post=13024"}],"curies":[{"name":"wp","href":"https:\/\/api.w.org\/{rel}","templated":true}]}}