{"id":13037,"date":"2024-07-02T13:41:41","date_gmt":"2024-07-02T11:41:41","guid":{"rendered":"https:\/\/maloniossmulkmenos.lt\/?post_type=product&#038;p=13037"},"modified":"2024-07-02T13:49:51","modified_gmt":"2024-07-02T11:49:51","slug":"nerudijancio-plieno-auskaru-fiksatoriai-su-silikonu-aukso-spalvos","status":"publish","type":"product","link":"https:\/\/maloniossmulkmenos.lt\/en\/product\/nerudijancio-plieno-auskaru-fiksatoriai-su-silikonu-aukso-spalvos\/","title":{"rendered":"Ner\u016bdijan\u010dio plieno auskar\u0173 fiksatoriai (su silikonu) aukso spalvos"},"content":{"rendered":"<p>pora<\/p>","protected":false},"excerpt":{"rendered":"<p>pora<\/p>","protected":false},"featured_media":13038,"template":"","meta":{"om_disable_all_campaigns":false,"_monsterinsights_skip_tracking":false,"_monsterinsights_sitenote_active":false,"_monsterinsights_sitenote_note":"","_monsterinsights_sitenote_category":0},"product_brand":[],"product_cat":[134,131],"product_tag":[446],"class_list":{"0":"post-13037","1":"product","2":"type-product","3":"status-publish","4":"has-post-thumbnail","6":"product_cat-auskaru-furnitura","7":"product_cat-nerudijantis-plienas","8":"product_tag-plienas","10":"first","11":"instock","12":"shipping-taxable","13":"purchasable","14":"product-type-simple"},"_links":{"self":[{"href":"https:\/\/maloniossmulkmenos.lt\/en\/wp-json\/wp\/v2\/product\/13037","targetHints":{"allow":["GET"]}}],"collection":[{"href":"https:\/\/maloniossmulkmenos.lt\/en\/wp-json\/wp\/v2\/product"}],"about":[{"href":"https:\/\/maloniossmulkmenos.lt\/en\/wp-json\/wp\/v2\/types\/product"}],"version-history":[{"count":1,"href":"https:\/\/maloniossmulkmenos.lt\/en\/wp-json\/wp\/v2\/product\/13037\/revisions"}],"predecessor-version":[{"id":13039,"href":"https:\/\/maloniossmulkmenos.lt\/en\/wp-json\/wp\/v2\/product\/13037\/revisions\/13039"}],"wp:featuredmedia":[{"embeddable":true,"href":"https:\/\/maloniossmulkmenos.lt\/en\/wp-json\/wp\/v2\/media\/13038"}],"wp:attachment":[{"href":"https:\/\/maloniossmulkmenos.lt\/en\/wp-json\/wp\/v2\/media?parent=13037"}],"wp:term":[{"taxonomy":"product_brand","embeddable":true,"href":"https:\/\/maloniossmulkmenos.lt\/en\/wp-json\/wp\/v2\/product_brand?post=13037"},{"taxonomy":"product_cat","embeddable":true,"href":"https:\/\/maloniossmulkmenos.lt\/en\/wp-json\/wp\/v2\/product_cat?post=13037"},{"taxonomy":"product_tag","embeddable":true,"href":"https:\/\/maloniossmulkmenos.lt\/en\/wp-json\/wp\/v2\/product_tag?post=13037"}],"curies":[{"name":"wp","href":"https:\/\/api.w.org\/{rel}","templated":true}]}}