{"id":13154,"date":"2024-11-27T12:38:04","date_gmt":"2024-11-27T10:38:04","guid":{"rendered":"https:\/\/maloniossmulkmenos.lt\/?post_type=product&#038;p=13154"},"modified":"2024-11-27T12:46:31","modified_gmt":"2024-11-27T10:46:31","slug":"mediniai-karoliukai-6-mm-zaliu-atspalviu","status":"publish","type":"product","link":"https:\/\/maloniossmulkmenos.lt\/en\/product\/mediniai-karoliukai-6-mm-zaliu-atspalviu\/","title":{"rendered":"Mediniai karoliukai 6 mm (\u017eali\u0173 atspalvi\u0173)"},"content":{"rendered":"<ul class=\"ArticleViewFeatures-list\" data-v-85ee520c=\"\">\n<li data-v-85ee520c=\"\">\u00d8 6 mm<\/li>\n<li data-v-85ee520c=\"\">125 vnt<\/li>\n<li data-v-85ee520c=\"\">skyl\u0117s \u00d8 2 mm<\/li>\n<li data-v-85ee520c=\"\">karoliukai i\u0161 buko<\/li>\n<\/ul>","protected":false},"excerpt":{"rendered":"<p>\u00d8 6 mm 125 vnt skyl\u0117s \u00d8 2 mm karoliukai i\u0161 buko<\/p>","protected":false},"featured_media":13155,"template":"","meta":{"om_disable_all_campaigns":false,"_monsterinsights_skip_tracking":false,"_monsterinsights_sitenote_active":false,"_monsterinsights_sitenote_note":"","_monsterinsights_sitenote_category":0},"product_brand":[],"product_cat":[144],"product_tag":[322,350],"class_list":{"0":"post-13154","1":"product","2":"type-product","3":"status-publish","4":"has-post-thumbnail","6":"product_cat-mediniai-karoliukai","7":"product_tag-knorr-prandell","8":"product_tag-mediniai-karoliukai","9":"pa_brand-knorr-prandell","11":"first","12":"instock","13":"shipping-taxable","14":"purchasable","15":"product-type-simple"},"_links":{"self":[{"href":"https:\/\/maloniossmulkmenos.lt\/en\/wp-json\/wp\/v2\/product\/13154","targetHints":{"allow":["GET"]}}],"collection":[{"href":"https:\/\/maloniossmulkmenos.lt\/en\/wp-json\/wp\/v2\/product"}],"about":[{"href":"https:\/\/maloniossmulkmenos.lt\/en\/wp-json\/wp\/v2\/types\/product"}],"version-history":[{"count":1,"href":"https:\/\/maloniossmulkmenos.lt\/en\/wp-json\/wp\/v2\/product\/13154\/revisions"}],"predecessor-version":[{"id":13156,"href":"https:\/\/maloniossmulkmenos.lt\/en\/wp-json\/wp\/v2\/product\/13154\/revisions\/13156"}],"wp:featuredmedia":[{"embeddable":true,"href":"https:\/\/maloniossmulkmenos.lt\/en\/wp-json\/wp\/v2\/media\/13155"}],"wp:attachment":[{"href":"https:\/\/maloniossmulkmenos.lt\/en\/wp-json\/wp\/v2\/media?parent=13154"}],"wp:term":[{"taxonomy":"product_brand","embeddable":true,"href":"https:\/\/maloniossmulkmenos.lt\/en\/wp-json\/wp\/v2\/product_brand?post=13154"},{"taxonomy":"product_cat","embeddable":true,"href":"https:\/\/maloniossmulkmenos.lt\/en\/wp-json\/wp\/v2\/product_cat?post=13154"},{"taxonomy":"product_tag","embeddable":true,"href":"https:\/\/maloniossmulkmenos.lt\/en\/wp-json\/wp\/v2\/product_tag?post=13154"}],"curies":[{"name":"wp","href":"https:\/\/api.w.org\/{rel}","templated":true}]}}