{"id":13236,"date":"2025-05-08T14:50:39","date_gmt":"2025-05-08T12:50:39","guid":{"rendered":"https:\/\/maloniossmulkmenos.lt\/?post_type=product&#038;p=13236"},"modified":"2025-05-08T14:53:30","modified_gmt":"2025-05-08T12:53:30","slug":"dovanu-dezute-apyrankei-carla-melyna","status":"publish","type":"product","link":"https:\/\/maloniossmulkmenos.lt\/en\/product\/dovanu-dezute-apyrankei-carla-melyna\/","title":{"rendered":"Dovan\u0173 d\u0117\u017eut\u0117 apyrankei CARLA m\u0117lyna"},"content":{"rendered":"<p>Didys (mm): 216 x 40 x30<\/p>\n<p>Vidaus i\u0161matavimai (mm): 210 x 32 x 16+9<\/p>","protected":false},"excerpt":{"rendered":"<p>Didys (mm): 216 x 40 x30 Vidaus i\u0161matavimai (mm): 210 x 32 x 16+9<\/p>","protected":false},"featured_media":13238,"template":"","meta":{"om_disable_all_campaigns":false,"_monsterinsights_skip_tracking":false,"_monsterinsights_sitenote_active":false,"_monsterinsights_sitenote_note":"","_monsterinsights_sitenote_category":0},"product_brand":[],"product_cat":[303],"product_tag":[],"class_list":{"0":"post-13236","1":"product","2":"type-product","3":"status-publish","4":"has-post-thumbnail","6":"product_cat-kartonines-dezutes","8":"first","9":"instock","10":"shipping-taxable","11":"purchasable","12":"product-type-simple"},"_links":{"self":[{"href":"https:\/\/maloniossmulkmenos.lt\/en\/wp-json\/wp\/v2\/product\/13236","targetHints":{"allow":["GET"]}}],"collection":[{"href":"https:\/\/maloniossmulkmenos.lt\/en\/wp-json\/wp\/v2\/product"}],"about":[{"href":"https:\/\/maloniossmulkmenos.lt\/en\/wp-json\/wp\/v2\/types\/product"}],"version-history":[{"count":1,"href":"https:\/\/maloniossmulkmenos.lt\/en\/wp-json\/wp\/v2\/product\/13236\/revisions"}],"predecessor-version":[{"id":13239,"href":"https:\/\/maloniossmulkmenos.lt\/en\/wp-json\/wp\/v2\/product\/13236\/revisions\/13239"}],"wp:featuredmedia":[{"embeddable":true,"href":"https:\/\/maloniossmulkmenos.lt\/en\/wp-json\/wp\/v2\/media\/13238"}],"wp:attachment":[{"href":"https:\/\/maloniossmulkmenos.lt\/en\/wp-json\/wp\/v2\/media?parent=13236"}],"wp:term":[{"taxonomy":"product_brand","embeddable":true,"href":"https:\/\/maloniossmulkmenos.lt\/en\/wp-json\/wp\/v2\/product_brand?post=13236"},{"taxonomy":"product_cat","embeddable":true,"href":"https:\/\/maloniossmulkmenos.lt\/en\/wp-json\/wp\/v2\/product_cat?post=13236"},{"taxonomy":"product_tag","embeddable":true,"href":"https:\/\/maloniossmulkmenos.lt\/en\/wp-json\/wp\/v2\/product_tag?post=13236"}],"curies":[{"name":"wp","href":"https:\/\/api.w.org\/{rel}","templated":true}]}}