{"id":13266,"date":"2025-05-18T14:19:40","date_gmt":"2025-05-18T12:19:40","guid":{"rendered":"https:\/\/maloniossmulkmenos.lt\/?post_type=product&#038;p=13266"},"modified":"2025-05-18T14:24:31","modified_gmt":"2025-05-18T12:24:31","slug":"mediniai-karoliukai-8-mm-b-w","status":"publish","type":"product","link":"https:\/\/maloniossmulkmenos.lt\/en\/product\/mediniai-karoliukai-8-mm-b-w\/","title":{"rendered":"Mediniai karoliukai 8 mm (B\/W)"},"content":{"rendered":"<ul class=\"ArticleViewFeatures-list\" data-v-85ee520c=\"\">\n<li data-v-85ee520c=\"\">\u00d8 8 mm<\/li>\n<li data-v-85ee520c=\"\">85 vnt<\/li>\n<li data-v-85ee520c=\"\">skyl\u0117s \u00d8 2.3 mm<\/li>\n<li data-v-85ee520c=\"\">karoliukai i\u0161 buko<\/li>\n<\/ul>","protected":false},"excerpt":{"rendered":"<p>\u00d8 8 mm 85 vnt skyl\u0117s \u00d8 2.3 mm karoliukai i\u0161 buko<\/p>","protected":false},"featured_media":9720,"template":"","meta":{"om_disable_all_campaigns":false,"_monsterinsights_skip_tracking":false,"_monsterinsights_sitenote_active":false,"_monsterinsights_sitenote_note":"","_monsterinsights_sitenote_category":0},"product_brand":[],"product_cat":[144],"product_tag":[322,350],"class_list":{"0":"post-13266","1":"product","2":"type-product","3":"status-publish","4":"has-post-thumbnail","6":"product_cat-mediniai-karoliukai","7":"product_tag-knorr-prandell","8":"product_tag-mediniai-karoliukai","9":"pa_brand-knorr-prandell","11":"first","12":"instock","13":"shipping-taxable","14":"purchasable","15":"product-type-simple"},"_links":{"self":[{"href":"https:\/\/maloniossmulkmenos.lt\/en\/wp-json\/wp\/v2\/product\/13266","targetHints":{"allow":["GET"]}}],"collection":[{"href":"https:\/\/maloniossmulkmenos.lt\/en\/wp-json\/wp\/v2\/product"}],"about":[{"href":"https:\/\/maloniossmulkmenos.lt\/en\/wp-json\/wp\/v2\/types\/product"}],"version-history":[{"count":1,"href":"https:\/\/maloniossmulkmenos.lt\/en\/wp-json\/wp\/v2\/product\/13266\/revisions"}],"predecessor-version":[{"id":13267,"href":"https:\/\/maloniossmulkmenos.lt\/en\/wp-json\/wp\/v2\/product\/13266\/revisions\/13267"}],"wp:featuredmedia":[{"embeddable":true,"href":"https:\/\/maloniossmulkmenos.lt\/en\/wp-json\/wp\/v2\/media\/9720"}],"wp:attachment":[{"href":"https:\/\/maloniossmulkmenos.lt\/en\/wp-json\/wp\/v2\/media?parent=13266"}],"wp:term":[{"taxonomy":"product_brand","embeddable":true,"href":"https:\/\/maloniossmulkmenos.lt\/en\/wp-json\/wp\/v2\/product_brand?post=13266"},{"taxonomy":"product_cat","embeddable":true,"href":"https:\/\/maloniossmulkmenos.lt\/en\/wp-json\/wp\/v2\/product_cat?post=13266"},{"taxonomy":"product_tag","embeddable":true,"href":"https:\/\/maloniossmulkmenos.lt\/en\/wp-json\/wp\/v2\/product_tag?post=13266"}],"curies":[{"name":"wp","href":"https:\/\/api.w.org\/{rel}","templated":true}]}}