{"id":13358,"date":"2025-10-22T11:10:07","date_gmt":"2025-10-22T09:10:07","guid":{"rendered":"https:\/\/maloniossmulkmenos.lt\/?post_type=product&#038;p=13358"},"modified":"2026-04-28T10:09:08","modified_gmt":"2026-04-28T08:09:08","slug":"dovanu-maiselis-fiona-8-x-10-cm-sviesiai-rozines-spalvos","status":"publish","type":"product","link":"https:\/\/maloniossmulkmenos.lt\/en\/product\/dovanu-maiselis-fiona-8-x-10-cm-sviesiai-rozines-spalvos\/","title":{"rendered":"Dovan\u0173 mai\u0161elis &#8222;Fiona&#8221; 8 x 10 cm \u0161viesiai ro\u017ein\u0117s spalvos"},"content":{"rendered":"<p>Veliurinis mai\u0161\u0117lis 8&#215;10 cm<\/p>","protected":false},"excerpt":{"rendered":"<p>Veliurinis mai\u0161\u0117lis 8&#215;10 cm<\/p>","protected":false},"featured_media":13359,"template":"","meta":{"om_disable_all_campaigns":false,"_monsterinsights_skip_tracking":false,"_monsterinsights_sitenote_active":false,"_monsterinsights_sitenote_note":"","_monsterinsights_sitenote_category":0},"product_brand":[],"product_cat":[427],"product_tag":[],"class_list":{"0":"post-13358","1":"product","2":"type-product","3":"status-publish","4":"has-post-thumbnail","6":"product_cat-dovanu-maiseliai","8":"first","9":"instock","10":"shipping-taxable","11":"purchasable","12":"product-type-simple"},"_links":{"self":[{"href":"https:\/\/maloniossmulkmenos.lt\/en\/wp-json\/wp\/v2\/product\/13358","targetHints":{"allow":["GET"]}}],"collection":[{"href":"https:\/\/maloniossmulkmenos.lt\/en\/wp-json\/wp\/v2\/product"}],"about":[{"href":"https:\/\/maloniossmulkmenos.lt\/en\/wp-json\/wp\/v2\/types\/product"}],"version-history":[{"count":1,"href":"https:\/\/maloniossmulkmenos.lt\/en\/wp-json\/wp\/v2\/product\/13358\/revisions"}],"predecessor-version":[{"id":13360,"href":"https:\/\/maloniossmulkmenos.lt\/en\/wp-json\/wp\/v2\/product\/13358\/revisions\/13360"}],"wp:featuredmedia":[{"embeddable":true,"href":"https:\/\/maloniossmulkmenos.lt\/en\/wp-json\/wp\/v2\/media\/13359"}],"wp:attachment":[{"href":"https:\/\/maloniossmulkmenos.lt\/en\/wp-json\/wp\/v2\/media?parent=13358"}],"wp:term":[{"taxonomy":"product_brand","embeddable":true,"href":"https:\/\/maloniossmulkmenos.lt\/en\/wp-json\/wp\/v2\/product_brand?post=13358"},{"taxonomy":"product_cat","embeddable":true,"href":"https:\/\/maloniossmulkmenos.lt\/en\/wp-json\/wp\/v2\/product_cat?post=13358"},{"taxonomy":"product_tag","embeddable":true,"href":"https:\/\/maloniossmulkmenos.lt\/en\/wp-json\/wp\/v2\/product_tag?post=13358"}],"curies":[{"name":"wp","href":"https:\/\/api.w.org\/{rel}","templated":true}]}}