{"id":13396,"date":"2026-01-21T16:51:49","date_gmt":"2026-01-21T14:51:49","guid":{"rendered":"https:\/\/maloniossmulkmenos.lt\/?post_type=product&#038;p=13396"},"modified":"2026-01-21T16:56:04","modified_gmt":"2026-01-21T14:56:04","slug":"upiniu-perlu-ruosinys-5mm","status":"publish","type":"product","link":"https:\/\/maloniossmulkmenos.lt\/en\/product\/upiniu-perlu-ruosinys-5mm\/","title":{"rendered":"Upini\u0173 perl\u0173 ruo\u0161inys ~5mm"},"content":{"rendered":"<ul>\n<li>Ruda upini\u0173 perl\u0173 juosta (1 juosta)<\/li>\n<li>Skersmuo ~5 mm<\/li>\n<li>~39 cm<\/li>\n<li>~98 karoliukai juostoje<\/li>\n<\/ul>","protected":false},"excerpt":{"rendered":"<p>Ruda upini\u0173 perl\u0173 juosta (1 juosta) Skersmuo ~5 mm ~39 cm ~98 karoliukai juostoje<\/p>","protected":false},"featured_media":13398,"template":"","meta":{"om_disable_all_campaigns":false,"_monsterinsights_skip_tracking":false,"_monsterinsights_sitenote_active":false,"_monsterinsights_sitenote_note":"","_monsterinsights_sitenote_category":0},"product_brand":[],"product_cat":[100,72],"product_tag":[453,429,452],"class_list":{"0":"post-13396","1":"product","2":"type-product","3":"status-publish","4":"has-post-thumbnail","6":"product_cat-akmeneliai","7":"product_cat-naturalus-akmenys","8":"product_tag-pearls","9":"product_tag-perlai","10":"product_tag-upiniai-perlai","12":"first","13":"instock","14":"shipping-taxable","15":"purchasable","16":"product-type-simple"},"_links":{"self":[{"href":"https:\/\/maloniossmulkmenos.lt\/en\/wp-json\/wp\/v2\/product\/13396","targetHints":{"allow":["GET"]}}],"collection":[{"href":"https:\/\/maloniossmulkmenos.lt\/en\/wp-json\/wp\/v2\/product"}],"about":[{"href":"https:\/\/maloniossmulkmenos.lt\/en\/wp-json\/wp\/v2\/types\/product"}],"version-history":[{"count":2,"href":"https:\/\/maloniossmulkmenos.lt\/en\/wp-json\/wp\/v2\/product\/13396\/revisions"}],"predecessor-version":[{"id":13399,"href":"https:\/\/maloniossmulkmenos.lt\/en\/wp-json\/wp\/v2\/product\/13396\/revisions\/13399"}],"wp:featuredmedia":[{"embeddable":true,"href":"https:\/\/maloniossmulkmenos.lt\/en\/wp-json\/wp\/v2\/media\/13398"}],"wp:attachment":[{"href":"https:\/\/maloniossmulkmenos.lt\/en\/wp-json\/wp\/v2\/media?parent=13396"}],"wp:term":[{"taxonomy":"product_brand","embeddable":true,"href":"https:\/\/maloniossmulkmenos.lt\/en\/wp-json\/wp\/v2\/product_brand?post=13396"},{"taxonomy":"product_cat","embeddable":true,"href":"https:\/\/maloniossmulkmenos.lt\/en\/wp-json\/wp\/v2\/product_cat?post=13396"},{"taxonomy":"product_tag","embeddable":true,"href":"https:\/\/maloniossmulkmenos.lt\/en\/wp-json\/wp\/v2\/product_tag?post=13396"}],"curies":[{"name":"wp","href":"https:\/\/api.w.org\/{rel}","templated":true}]}}