{"id":13489,"date":"2026-03-09T11:02:58","date_gmt":"2026-03-09T09:02:58","guid":{"rendered":"https:\/\/maloniossmulkmenos.lt\/?post_type=product&#038;p=13489"},"modified":"2026-03-10T14:54:04","modified_gmt":"2026-03-10T12:54:04","slug":"2028-ss16-sand-opal-hotfix","status":"publish","type":"product","link":"https:\/\/maloniossmulkmenos.lt\/en\/product\/2028-ss16-sand-opal-hotfix\/","title":{"rendered":"2028 SS16 Sand Opal Hotfix"},"content":{"rendered":"<ul>\n<li>\u00d8 3.8 &#8211; 4.0 mm<\/li>\n<li>Klijai aktivuojami kar\u0161\u010di\u016b<\/li>\n<li>Su folijos pagrindu<\/li>\n<li>Pagaminta Austrijoje<\/li>\n<li>10 vnt<\/li>\n<\/ul>","protected":false},"excerpt":{"rendered":"<p>\u00d8 3.8 &#8211; 4.0 mm Klijai aktivuojami kar\u0161\u010di\u016b Su folijos pagrindu Pagaminta Austrijoje 10 vnt<\/p>","protected":false},"featured_media":13490,"template":"","meta":{"om_disable_all_campaigns":false,"_monsterinsights_skip_tracking":false,"_monsterinsights_sitenote_active":false,"_monsterinsights_sitenote_note":"","_monsterinsights_sitenote_category":0},"product_brand":[],"product_cat":[105],"product_tag":[],"class_list":{"0":"post-13489","1":"product","2":"type-product","3":"status-publish","4":"has-post-thumbnail","6":"product_cat-klijuojami-kristalai-hotfix","7":"pa_brand-swarovski","9":"first","10":"instock","11":"shipping-taxable","12":"purchasable","13":"product-type-simple"},"_links":{"self":[{"href":"https:\/\/maloniossmulkmenos.lt\/en\/wp-json\/wp\/v2\/product\/13489","targetHints":{"allow":["GET"]}}],"collection":[{"href":"https:\/\/maloniossmulkmenos.lt\/en\/wp-json\/wp\/v2\/product"}],"about":[{"href":"https:\/\/maloniossmulkmenos.lt\/en\/wp-json\/wp\/v2\/types\/product"}],"version-history":[{"count":1,"href":"https:\/\/maloniossmulkmenos.lt\/en\/wp-json\/wp\/v2\/product\/13489\/revisions"}],"predecessor-version":[{"id":13491,"href":"https:\/\/maloniossmulkmenos.lt\/en\/wp-json\/wp\/v2\/product\/13489\/revisions\/13491"}],"wp:featuredmedia":[{"embeddable":true,"href":"https:\/\/maloniossmulkmenos.lt\/en\/wp-json\/wp\/v2\/media\/13490"}],"wp:attachment":[{"href":"https:\/\/maloniossmulkmenos.lt\/en\/wp-json\/wp\/v2\/media?parent=13489"}],"wp:term":[{"taxonomy":"product_brand","embeddable":true,"href":"https:\/\/maloniossmulkmenos.lt\/en\/wp-json\/wp\/v2\/product_brand?post=13489"},{"taxonomy":"product_cat","embeddable":true,"href":"https:\/\/maloniossmulkmenos.lt\/en\/wp-json\/wp\/v2\/product_cat?post=13489"},{"taxonomy":"product_tag","embeddable":true,"href":"https:\/\/maloniossmulkmenos.lt\/en\/wp-json\/wp\/v2\/product_tag?post=13489"}],"curies":[{"name":"wp","href":"https:\/\/api.w.org\/{rel}","templated":true}]}}