{"id":9502,"date":"2022-04-11T14:35:53","date_gmt":"2022-04-11T12:35:53","guid":{"rendered":"https:\/\/maloniossmulkmenos.lt\/?post_type=product&#038;p=9502"},"modified":"2025-12-02T16:44:53","modified_gmt":"2025-12-02T14:44:53","slug":"dovanu-dezute-ziedui-carla-juoda","status":"publish","type":"product","link":"https:\/\/maloniossmulkmenos.lt\/en\/product\/dovanu-dezute-ziedui-carla-juoda\/","title":{"rendered":"Dovan\u0173 d\u0117\u017eut\u0117 \u017eiedui CARLA juoda"},"content":{"rendered":"<p>Didys (mm): 48 x 48 x 32<\/p>\n<p>Vidaus i\u0161matavimai (mm): 42 x 42 x 14+15<\/p>","protected":false},"excerpt":{"rendered":"<p>Didys (mm): 48 x 48 x 32 Vidaus i\u0161matavimai (mm): 42 x 42 x 14+15<\/p>","protected":false},"featured_media":9503,"template":"","meta":{"om_disable_all_campaigns":false,"_monsterinsights_skip_tracking":false,"_monsterinsights_sitenote_active":false,"_monsterinsights_sitenote_note":"","_monsterinsights_sitenote_category":0},"product_brand":[],"product_cat":[303],"product_tag":[],"class_list":{"0":"post-9502","1":"product","2":"type-product","3":"status-publish","4":"has-post-thumbnail","6":"product_cat-kartonines-dezutes","8":"first","9":"instock","10":"shipping-taxable","11":"purchasable","12":"product-type-simple"},"_links":{"self":[{"href":"https:\/\/maloniossmulkmenos.lt\/en\/wp-json\/wp\/v2\/product\/9502","targetHints":{"allow":["GET"]}}],"collection":[{"href":"https:\/\/maloniossmulkmenos.lt\/en\/wp-json\/wp\/v2\/product"}],"about":[{"href":"https:\/\/maloniossmulkmenos.lt\/en\/wp-json\/wp\/v2\/types\/product"}],"version-history":[{"count":1,"href":"https:\/\/maloniossmulkmenos.lt\/en\/wp-json\/wp\/v2\/product\/9502\/revisions"}],"predecessor-version":[{"id":9506,"href":"https:\/\/maloniossmulkmenos.lt\/en\/wp-json\/wp\/v2\/product\/9502\/revisions\/9506"}],"wp:featuredmedia":[{"embeddable":true,"href":"https:\/\/maloniossmulkmenos.lt\/en\/wp-json\/wp\/v2\/media\/9503"}],"wp:attachment":[{"href":"https:\/\/maloniossmulkmenos.lt\/en\/wp-json\/wp\/v2\/media?parent=9502"}],"wp:term":[{"taxonomy":"product_brand","embeddable":true,"href":"https:\/\/maloniossmulkmenos.lt\/en\/wp-json\/wp\/v2\/product_brand?post=9502"},{"taxonomy":"product_cat","embeddable":true,"href":"https:\/\/maloniossmulkmenos.lt\/en\/wp-json\/wp\/v2\/product_cat?post=9502"},{"taxonomy":"product_tag","embeddable":true,"href":"https:\/\/maloniossmulkmenos.lt\/en\/wp-json\/wp\/v2\/product_tag?post=9502"}],"curies":[{"name":"wp","href":"https:\/\/api.w.org\/{rel}","templated":true}]}}