{"id":9685,"date":"2022-11-01T17:54:50","date_gmt":"2022-11-01T15:54:50","guid":{"rendered":"https:\/\/maloniossmulkmenos.lt\/?post_type=product&#038;p=9685"},"modified":"2025-05-18T15:04:23","modified_gmt":"2025-05-18T13:04:23","slug":"marabu-plunksnos-10-cm-rudos-oranzine","status":"publish","type":"product","link":"https:\/\/maloniossmulkmenos.lt\/en\/product\/marabu-plunksnos-10-cm-rudos-oranzine\/","title":{"rendered":"Marab\u0173 plunksnos 10 cm (rudos\/oran\u017ein\u0117)"},"content":{"rendered":"<p>~10 cm<\/p>\n<p>15 vnt<\/p>\n<p>da\u017eytos kalakut\u0173 ir \u017e\u0105s\u0173 plunksnos<\/p>","protected":false},"excerpt":{"rendered":"<p>~10 cm 15 vnt da\u017eytos kalakut\u0173 ir \u017e\u0105s\u0173 plunksnos<\/p>","protected":false},"featured_media":9674,"template":"","meta":{"om_disable_all_campaigns":false,"_monsterinsights_skip_tracking":false,"_monsterinsights_sitenote_active":false,"_monsterinsights_sitenote_note":"","_monsterinsights_sitenote_category":0},"product_brand":[],"product_cat":[143],"product_tag":[349],"class_list":{"0":"post-9685","1":"product","2":"type-product","3":"status-publish","4":"has-post-thumbnail","6":"product_cat-plunksnos","7":"product_tag-plunksnos","8":"pa_brand-knorr-prandell","10":"first","11":"instock","12":"shipping-taxable","13":"purchasable","14":"product-type-simple"},"_links":{"self":[{"href":"https:\/\/maloniossmulkmenos.lt\/en\/wp-json\/wp\/v2\/product\/9685","targetHints":{"allow":["GET"]}}],"collection":[{"href":"https:\/\/maloniossmulkmenos.lt\/en\/wp-json\/wp\/v2\/product"}],"about":[{"href":"https:\/\/maloniossmulkmenos.lt\/en\/wp-json\/wp\/v2\/types\/product"}],"version-history":[{"count":1,"href":"https:\/\/maloniossmulkmenos.lt\/en\/wp-json\/wp\/v2\/product\/9685\/revisions"}],"predecessor-version":[{"id":9686,"href":"https:\/\/maloniossmulkmenos.lt\/en\/wp-json\/wp\/v2\/product\/9685\/revisions\/9686"}],"wp:featuredmedia":[{"embeddable":true,"href":"https:\/\/maloniossmulkmenos.lt\/en\/wp-json\/wp\/v2\/media\/9674"}],"wp:attachment":[{"href":"https:\/\/maloniossmulkmenos.lt\/en\/wp-json\/wp\/v2\/media?parent=9685"}],"wp:term":[{"taxonomy":"product_brand","embeddable":true,"href":"https:\/\/maloniossmulkmenos.lt\/en\/wp-json\/wp\/v2\/product_brand?post=9685"},{"taxonomy":"product_cat","embeddable":true,"href":"https:\/\/maloniossmulkmenos.lt\/en\/wp-json\/wp\/v2\/product_cat?post=9685"},{"taxonomy":"product_tag","embeddable":true,"href":"https:\/\/maloniossmulkmenos.lt\/en\/wp-json\/wp\/v2\/product_tag?post=9685"}],"curies":[{"name":"wp","href":"https:\/\/api.w.org\/{rel}","templated":true}]}}