{"id":9741,"date":"2022-11-01T20:55:50","date_gmt":"2022-11-01T18:55:50","guid":{"rendered":"https:\/\/maloniossmulkmenos.lt\/?post_type=product&#038;p=9741"},"modified":"2023-08-25T12:01:34","modified_gmt":"2023-08-25T10:01:34","slug":"mediniai-karoliukai-12-mm-naturalus-oranziniai","status":"publish","type":"product","link":"https:\/\/maloniossmulkmenos.lt\/en\/product\/mediniai-karoliukai-12-mm-naturalus-oranziniai\/","title":{"rendered":"Mediniai karoliukai 12 mm (nat\u016bral\u016bs, oran\u017einiai)"},"content":{"rendered":"<ul class=\"ArticleViewFeatures-list\" data-v-85ee520c=\"\">\n<li data-v-85ee520c=\"\">\u00d8 12 mm<\/li>\n<li data-v-85ee520c=\"\">30 vnt<\/li>\n<li data-v-85ee520c=\"\">skyl\u0117 \u00d8 3 mm<\/li>\n<li data-v-85ee520c=\"\">karoliukai i\u0161 buko<\/li>\n<\/ul>","protected":false},"excerpt":{"rendered":"<p>\u00d8 12 mm 30 vnt skyl\u0117 \u00d8 3 mm karoliukai i\u0161 buko<\/p>","protected":false},"featured_media":9716,"template":"","meta":{"om_disable_all_campaigns":false,"_monsterinsights_skip_tracking":false,"_monsterinsights_sitenote_active":false,"_monsterinsights_sitenote_note":"","_monsterinsights_sitenote_category":0},"product_brand":[],"product_cat":[144],"product_tag":[322,350],"class_list":{"0":"post-9741","1":"product","2":"type-product","3":"status-publish","4":"has-post-thumbnail","6":"product_cat-mediniai-karoliukai","7":"product_tag-knorr-prandell","8":"product_tag-mediniai-karoliukai","9":"pa_brand-knorr-prandell","11":"first","12":"outofstock","13":"shipping-taxable","14":"purchasable","15":"product-type-simple"},"_links":{"self":[{"href":"https:\/\/maloniossmulkmenos.lt\/en\/wp-json\/wp\/v2\/product\/9741","targetHints":{"allow":["GET"]}}],"collection":[{"href":"https:\/\/maloniossmulkmenos.lt\/en\/wp-json\/wp\/v2\/product"}],"about":[{"href":"https:\/\/maloniossmulkmenos.lt\/en\/wp-json\/wp\/v2\/types\/product"}],"version-history":[{"count":1,"href":"https:\/\/maloniossmulkmenos.lt\/en\/wp-json\/wp\/v2\/product\/9741\/revisions"}],"predecessor-version":[{"id":9742,"href":"https:\/\/maloniossmulkmenos.lt\/en\/wp-json\/wp\/v2\/product\/9741\/revisions\/9742"}],"wp:featuredmedia":[{"embeddable":true,"href":"https:\/\/maloniossmulkmenos.lt\/en\/wp-json\/wp\/v2\/media\/9716"}],"wp:attachment":[{"href":"https:\/\/maloniossmulkmenos.lt\/en\/wp-json\/wp\/v2\/media?parent=9741"}],"wp:term":[{"taxonomy":"product_brand","embeddable":true,"href":"https:\/\/maloniossmulkmenos.lt\/en\/wp-json\/wp\/v2\/product_brand?post=9741"},{"taxonomy":"product_cat","embeddable":true,"href":"https:\/\/maloniossmulkmenos.lt\/en\/wp-json\/wp\/v2\/product_cat?post=9741"},{"taxonomy":"product_tag","embeddable":true,"href":"https:\/\/maloniossmulkmenos.lt\/en\/wp-json\/wp\/v2\/product_tag?post=9741"}],"curies":[{"name":"wp","href":"https:\/\/api.w.org\/{rel}","templated":true}]}}