{"id":9753,"date":"2022-11-01T21:14:29","date_gmt":"2022-11-01T19:14:29","guid":{"rendered":"https:\/\/maloniossmulkmenos.lt\/?post_type=product&#038;p=9753"},"modified":"2023-08-25T11:27:01","modified_gmt":"2023-08-25T09:27:01","slug":"mediniai-karoliukai-10-mm-raudoni-geltoni-juodi","status":"publish","type":"product","link":"https:\/\/maloniossmulkmenos.lt\/en\/product\/mediniai-karoliukai-10-mm-raudoni-geltoni-juodi\/","title":{"rendered":"Mediniai karoliukai 10 mm (raudoni, geltoni, juodi)"},"content":{"rendered":"<ul class=\"ArticleViewFeatures-list\" data-v-85ee520c=\"\">\n<li data-v-85ee520c=\"\">\u00d8 10 mm<\/li>\n<li data-v-85ee520c=\"\">50 vnt<\/li>\n<li data-v-85ee520c=\"\">skyl\u0117s \u00d8 2.5 mm<\/li>\n<li data-v-85ee520c=\"\">karoliukai i\u0161 buko<\/li>\n<\/ul>","protected":false},"excerpt":{"rendered":"<p>\u00d8 10 mm 50 vnt skyl\u0117s \u00d8 2.5 mm karoliukai i\u0161 buko<\/p>","protected":false},"featured_media":9717,"template":"","meta":{"om_disable_all_campaigns":false,"_monsterinsights_skip_tracking":false,"_monsterinsights_sitenote_active":false,"_monsterinsights_sitenote_note":"","_monsterinsights_sitenote_category":0},"product_brand":[],"product_cat":[144],"product_tag":[350],"class_list":{"0":"post-9753","1":"product","2":"type-product","3":"status-publish","4":"has-post-thumbnail","6":"product_cat-mediniai-karoliukai","7":"product_tag-mediniai-karoliukai","8":"pa_brand-knorr-prandell","10":"first","11":"outofstock","12":"shipping-taxable","13":"purchasable","14":"product-type-simple"},"_links":{"self":[{"href":"https:\/\/maloniossmulkmenos.lt\/en\/wp-json\/wp\/v2\/product\/9753","targetHints":{"allow":["GET"]}}],"collection":[{"href":"https:\/\/maloniossmulkmenos.lt\/en\/wp-json\/wp\/v2\/product"}],"about":[{"href":"https:\/\/maloniossmulkmenos.lt\/en\/wp-json\/wp\/v2\/types\/product"}],"version-history":[{"count":1,"href":"https:\/\/maloniossmulkmenos.lt\/en\/wp-json\/wp\/v2\/product\/9753\/revisions"}],"predecessor-version":[{"id":9754,"href":"https:\/\/maloniossmulkmenos.lt\/en\/wp-json\/wp\/v2\/product\/9753\/revisions\/9754"}],"wp:featuredmedia":[{"embeddable":true,"href":"https:\/\/maloniossmulkmenos.lt\/en\/wp-json\/wp\/v2\/media\/9717"}],"wp:attachment":[{"href":"https:\/\/maloniossmulkmenos.lt\/en\/wp-json\/wp\/v2\/media?parent=9753"}],"wp:term":[{"taxonomy":"product_brand","embeddable":true,"href":"https:\/\/maloniossmulkmenos.lt\/en\/wp-json\/wp\/v2\/product_brand?post=9753"},{"taxonomy":"product_cat","embeddable":true,"href":"https:\/\/maloniossmulkmenos.lt\/en\/wp-json\/wp\/v2\/product_cat?post=9753"},{"taxonomy":"product_tag","embeddable":true,"href":"https:\/\/maloniossmulkmenos.lt\/en\/wp-json\/wp\/v2\/product_tag?post=9753"}],"curies":[{"name":"wp","href":"https:\/\/api.w.org\/{rel}","templated":true}]}}