{"id":9775,"date":"2022-11-01T21:47:42","date_gmt":"2022-11-01T19:47:42","guid":{"rendered":"https:\/\/maloniossmulkmenos.lt\/?post_type=product&#038;p=9775"},"modified":"2025-05-18T13:50:53","modified_gmt":"2025-05-18T11:50:53","slug":"mediniai-karoliukai-6-mm-melyni-atspalviai","status":"publish","type":"product","link":"https:\/\/maloniossmulkmenos.lt\/en\/product\/mediniai-karoliukai-6-mm-melyni-atspalviai\/","title":{"rendered":"Mediniai karoliukai 6 mm (m\u0117lyni atspalviai)"},"content":{"rendered":"<ul class=\"ArticleViewFeatures-list\" data-v-85ee520c=\"\">\n<li data-v-85ee520c=\"\">\u00d8 6 mm<\/li>\n<li data-v-85ee520c=\"\">125 vnt<\/li>\n<li data-v-85ee520c=\"\">skyl\u0117s \u00d8 2 mm<\/li>\n<li data-v-85ee520c=\"\">karoliukai i\u0161 buko<\/li>\n<\/ul>","protected":false},"excerpt":{"rendered":"<p>\u00d8 6 mm 125 vnt skyl\u0117s \u00d8 2 mm karoliukai i\u0161 buko<\/p>","protected":false},"featured_media":9746,"template":"","meta":{"om_disable_all_campaigns":false,"_monsterinsights_skip_tracking":false,"_monsterinsights_sitenote_active":false,"_monsterinsights_sitenote_note":"","_monsterinsights_sitenote_category":0},"product_brand":[],"product_cat":[144],"product_tag":[322,350],"class_list":{"0":"post-9775","1":"product","2":"type-product","3":"status-publish","4":"has-post-thumbnail","6":"product_cat-mediniai-karoliukai","7":"product_tag-knorr-prandell","8":"product_tag-mediniai-karoliukai","9":"pa_brand-knorr-prandell","11":"first","12":"instock","13":"shipping-taxable","14":"purchasable","15":"product-type-simple"},"_links":{"self":[{"href":"https:\/\/maloniossmulkmenos.lt\/en\/wp-json\/wp\/v2\/product\/9775","targetHints":{"allow":["GET"]}}],"collection":[{"href":"https:\/\/maloniossmulkmenos.lt\/en\/wp-json\/wp\/v2\/product"}],"about":[{"href":"https:\/\/maloniossmulkmenos.lt\/en\/wp-json\/wp\/v2\/types\/product"}],"version-history":[{"count":1,"href":"https:\/\/maloniossmulkmenos.lt\/en\/wp-json\/wp\/v2\/product\/9775\/revisions"}],"predecessor-version":[{"id":9776,"href":"https:\/\/maloniossmulkmenos.lt\/en\/wp-json\/wp\/v2\/product\/9775\/revisions\/9776"}],"wp:featuredmedia":[{"embeddable":true,"href":"https:\/\/maloniossmulkmenos.lt\/en\/wp-json\/wp\/v2\/media\/9746"}],"wp:attachment":[{"href":"https:\/\/maloniossmulkmenos.lt\/en\/wp-json\/wp\/v2\/media?parent=9775"}],"wp:term":[{"taxonomy":"product_brand","embeddable":true,"href":"https:\/\/maloniossmulkmenos.lt\/en\/wp-json\/wp\/v2\/product_brand?post=9775"},{"taxonomy":"product_cat","embeddable":true,"href":"https:\/\/maloniossmulkmenos.lt\/en\/wp-json\/wp\/v2\/product_cat?post=9775"},{"taxonomy":"product_tag","embeddable":true,"href":"https:\/\/maloniossmulkmenos.lt\/en\/wp-json\/wp\/v2\/product_tag?post=9775"}],"curies":[{"name":"wp","href":"https:\/\/api.w.org\/{rel}","templated":true}]}}