{"id":9806,"date":"2022-11-01T22:15:12","date_gmt":"2022-11-01T20:15:12","guid":{"rendered":"https:\/\/maloniossmulkmenos.lt\/?post_type=product&#038;p=9806"},"modified":"2023-08-25T13:48:23","modified_gmt":"2023-08-25T11:48:23","slug":"mediniu-karoliuku-rinkinys-meskiukas-tedis","status":"publish","type":"product","link":"https:\/\/maloniossmulkmenos.lt\/en\/product\/mediniu-karoliuku-rinkinys-meskiukas-tedis\/","title":{"rendered":"Medini\u0173 karoliuk\u0173 rinkinys &#8222;Me\u0161kiukas Tedis&#8221;"},"content":{"rendered":"<ul>\n<li>11 vnt<\/li>\n<li>skyl\u0117s\u00a0\u00d8 2.5 &#8211; 3 mm<\/li>\n<li>karoliukai i\u0161 buko<\/li>\n<\/ul>","protected":false},"excerpt":{"rendered":"<p>11 vnt skyl\u0117s\u00a0\u00d8 2.5 &#8211; 3 mm karoliukai i\u0161 buko<\/p>","protected":false},"featured_media":9802,"template":"","meta":{"om_disable_all_campaigns":false,"_monsterinsights_skip_tracking":false,"_monsterinsights_sitenote_active":false,"_monsterinsights_sitenote_note":"","_monsterinsights_sitenote_category":0},"product_brand":[],"product_cat":[144],"product_tag":[322,350],"class_list":{"0":"post-9806","1":"product","2":"type-product","3":"status-publish","4":"has-post-thumbnail","6":"product_cat-mediniai-karoliukai","7":"product_tag-knorr-prandell","8":"product_tag-mediniai-karoliukai","9":"pa_brand-knorr-prandell","11":"first","12":"instock","13":"shipping-taxable","14":"purchasable","15":"product-type-simple"},"_links":{"self":[{"href":"https:\/\/maloniossmulkmenos.lt\/en\/wp-json\/wp\/v2\/product\/9806","targetHints":{"allow":["GET"]}}],"collection":[{"href":"https:\/\/maloniossmulkmenos.lt\/en\/wp-json\/wp\/v2\/product"}],"about":[{"href":"https:\/\/maloniossmulkmenos.lt\/en\/wp-json\/wp\/v2\/types\/product"}],"version-history":[{"count":1,"href":"https:\/\/maloniossmulkmenos.lt\/en\/wp-json\/wp\/v2\/product\/9806\/revisions"}],"predecessor-version":[{"id":9807,"href":"https:\/\/maloniossmulkmenos.lt\/en\/wp-json\/wp\/v2\/product\/9806\/revisions\/9807"}],"wp:featuredmedia":[{"embeddable":true,"href":"https:\/\/maloniossmulkmenos.lt\/en\/wp-json\/wp\/v2\/media\/9802"}],"wp:attachment":[{"href":"https:\/\/maloniossmulkmenos.lt\/en\/wp-json\/wp\/v2\/media?parent=9806"}],"wp:term":[{"taxonomy":"product_brand","embeddable":true,"href":"https:\/\/maloniossmulkmenos.lt\/en\/wp-json\/wp\/v2\/product_brand?post=9806"},{"taxonomy":"product_cat","embeddable":true,"href":"https:\/\/maloniossmulkmenos.lt\/en\/wp-json\/wp\/v2\/product_cat?post=9806"},{"taxonomy":"product_tag","embeddable":true,"href":"https:\/\/maloniossmulkmenos.lt\/en\/wp-json\/wp\/v2\/product_tag?post=9806"}],"curies":[{"name":"wp","href":"https:\/\/api.w.org\/{rel}","templated":true}]}}